{"id":572,"date":"2023-01-17T12:26:25","date_gmt":"2023-01-17T17:26:25","guid":{"rendered":"https:\/\/blog.richmond.edu\/urancient\/?page_id=572"},"modified":"2023-02-03T10:45:05","modified_gmt":"2023-02-03T15:45:05","slug":"lamp-with-wreath-relief","status":"publish","type":"page","link":"https:\/\/blog.richmond.edu\/urancient\/lamp-with-wreath-relief\/","title":{"rendered":"Lamp with Wreath Relief"},"content":{"rendered":"<div id=\"pl-572\"  class=\"panel-layout\" ><div id=\"pg-572-0\"  class=\"panel-grid panel-no-style\" ><div id=\"pgc-572-0-0\"  class=\"panel-grid-cell\" ><div id=\"panel-572-0-0-0\" class=\"so-panel widget widget_sow-slider panel-first-child\" data-index=\"0\" ><div\n\t\t\t\n\t\t\tclass=\"so-widget-sow-slider so-widget-sow-slider-default-e52a5a17d9a4-572\"\n\t\t\t\n\t\t>\t\t\t\t<div class=\"sow-slider-base\" style=\"display: none\" tabindex=\"0\">\n\t\t\t\t\t<ul\n\t\t\t\t\tclass=\"sow-slider-images\"\n\t\t\t\t\tdata-settings=\"{&quot;pagination&quot;:true,&quot;speed&quot;:800,&quot;timeout&quot;:8000,&quot;paused&quot;:true,&quot;pause_on_hover&quot;:false,&quot;swipe&quot;:true,&quot;nav_always_show_desktop&quot;:true,&quot;nav_always_show_mobile&quot;:true,&quot;breakpoint&quot;:&quot;780px&quot;,&quot;unmute&quot;:false,&quot;anchor&quot;:null}\"\n\t\t\t\t\t\t\t\t\t\tdata-anchor-id=\"\"\n\t\t\t\t>\t\t<li class=\"sow-slider-image\" style=\"visibility: visible;\" >\n\t\t\t\t\t\t<div class=\"sow-slider-image-container\">\n\t\t\t\t<div class=\"sow-slider-image-wrapper\" style=\"max-width: 2323px\">\n\t\t\t\t\t\t\t\t\t\t<div class=\"sow-slider-image-foreground-wrapper\">\n\t\t\t\t\t\t<img loading=\"lazy\" decoding=\"async\" width=\"2323\" height=\"1867\" src=\"https:\/\/blog.richmond.edu\/urancient\/files\/2023\/01\/AWG0000.03.10b.jpg\" class=\"sow-slider-foreground-image\" alt=\"\" style=\"height: 400px; width: auto;max-height: 1867px\" srcset=\"https:\/\/blog.richmond.edu\/urancient\/files\/2023\/01\/AWG0000.03.10b.jpg 2323w, https:\/\/blog.richmond.edu\/urancient\/files\/2023\/01\/AWG0000.03.10b-300x241.jpg 300w, https:\/\/blog.richmond.edu\/urancient\/files\/2023\/01\/AWG0000.03.10b-1024x823.jpg 1024w, https:\/\/blog.richmond.edu\/urancient\/files\/2023\/01\/AWG0000.03.10b-768x617.jpg 768w, https:\/\/blog.richmond.edu\/urancient\/files\/2023\/01\/AWG0000.03.10b-1536x1234.jpg 1536w, https:\/\/blog.richmond.edu\/urancient\/files\/2023\/01\/AWG0000.03.10b-2048x1646.jpg 2048w, https:\/\/blog.richmond.edu\/urancient\/files\/2023\/01\/AWG0000.03.10b-900x723.jpg 900w, https:\/\/blog.richmond.edu\/urancient\/files\/2023\/01\/AWG0000.03.10b-1280x1029.jpg 1280w\" sizes=\"auto, (max-width: 2323px) 100vw, 2323px\" \/>\t\t\t\t\t<\/div>\n\t\t\t\t\t\t\t\t\t<\/div>\n\t\t\t<\/div>\n\t\t\t\t\t<\/li>\n\t\t\t\t<li class=\"sow-slider-image\" style=\"visibility: hidden;\" >\n\t\t\t\t\t\t<div class=\"sow-slider-image-container\">\n\t\t\t\t<div class=\"sow-slider-image-wrapper\" style=\"max-width: 2269px\">\n\t\t\t\t\t\t\t\t\t\t<div class=\"sow-slider-image-foreground-wrapper\">\n\t\t\t\t\t\t<img loading=\"lazy\" decoding=\"async\" width=\"2269\" height=\"2017\" src=\"https:\/\/blog.richmond.edu\/urancient\/files\/2023\/01\/AWG0000.03.10a.jpg\" class=\"sow-slider-foreground-image\" alt=\"\" style=\"height: 400px; width: auto;max-height: 2017px\" srcset=\"https:\/\/blog.richmond.edu\/urancient\/files\/2023\/01\/AWG0000.03.10a.jpg 2269w, https:\/\/blog.richmond.edu\/urancient\/files\/2023\/01\/AWG0000.03.10a-300x267.jpg 300w, https:\/\/blog.richmond.edu\/urancient\/files\/2023\/01\/AWG0000.03.10a-1024x910.jpg 1024w, https:\/\/blog.richmond.edu\/urancient\/files\/2023\/01\/AWG0000.03.10a-768x683.jpg 768w, https:\/\/blog.richmond.edu\/urancient\/files\/2023\/01\/AWG0000.03.10a-1536x1365.jpg 1536w, https:\/\/blog.richmond.edu\/urancient\/files\/2023\/01\/AWG0000.03.10a-2048x1821.jpg 2048w, https:\/\/blog.richmond.edu\/urancient\/files\/2023\/01\/AWG0000.03.10a-900x800.jpg 900w, https:\/\/blog.richmond.edu\/urancient\/files\/2023\/01\/AWG0000.03.10a-1280x1138.jpg 1280w\" sizes=\"auto, (max-width: 2269px) 100vw, 2269px\" \/>\t\t\t\t\t<\/div>\n\t\t\t\t\t\t\t\t\t<\/div>\n\t\t\t<\/div>\n\t\t\t\t\t<\/li>\n\t\t<\/ul>\t\t\t\t<ol class=\"sow-slider-pagination\">\n\t\t\t\t\t\t\t\t\t\t\t<li><a href=\"#\" data-goto=\"0\" aria-label=\"Display slide 1\"><\/a><\/li>\n\t\t\t\t\t\t\t\t\t\t\t<li><a href=\"#\" data-goto=\"1\" aria-label=\"Display slide 2\"><\/a><\/li>\n\t\t\t\t\t\t\t\t\t<\/ol>\n\n\t\t\t\t<div class=\"sow-slide-nav sow-slide-nav-next\">\n\t\t\t\t\t<a href=\"#\" data-goto=\"next\" aria-label=\"Next slide\" data-action=\"next\">\n\t\t\t\t\t\t<em class=\"sow-sld-icon-medium-right\"><\/em>\n\t\t\t\t\t<\/a>\n\t\t\t\t<\/div>\n\n\t\t\t\t<div class=\"sow-slide-nav sow-slide-nav-prev\">\n\t\t\t\t\t<a href=\"#\" data-goto=\"previous\" aria-label=\"Previous slide\" data-action=\"prev\">\n\t\t\t\t\t\t<em class=\"sow-sld-icon-medium-left\"><\/em>\n\t\t\t\t\t<\/a>\n\t\t\t\t<\/div>\n\t\t\t\t<\/div><\/div><\/div><div id=\"panel-572-0-0-1\" class=\"so-panel widget widget_sow-editor panel-last-child\" data-index=\"1\" ><div\n\t\t\t\n\t\t\tclass=\"so-widget-sow-editor so-widget-sow-editor-base\"\n\t\t\t\n\t\t>\n<div class=\"siteorigin-widget-tinymce textwidget\">\n\t<p><span style=\"font-weight: 400;\">For a 3D model made by the <\/span><a href=\"https:\/\/vcuarchaeology3d.wordpress.com\/\"><span style=\"font-weight: 400;\">Virtual Curation Lab<\/span><\/a><span style=\"font-weight: 400;\"> at Virginia Commonwealth University, see <\/span><a href=\"https:\/\/skfb.ly\/orATX\"><span style=\"font-weight: 400;\">https:\/\/skfb.ly\/orATX<\/span><\/a><\/p>\n<p><strong>Lamp with wreath relief<br \/>\nAWG0000.03.10<br \/>\nRoman or Levantine<br \/>\n3rd-5th century CE<\/strong><\/p>\n<p><span style=\"font-weight: 400;\">Material: Ceramic<\/span><\/p>\n<p><span style=\"font-weight: 400;\">Weight: 51g<\/span><span style=\"font-weight: 400;\"><br \/>\n<\/span><span style=\"font-weight: 400;\">Dimensions: 8.2 cm across, 5.5 cm at widest point, 2.3 cm high, 0.6 mm thick, 7 cm diameter of central cutout<\/span><span style=\"font-weight: 400;\"><br \/>\n<\/span><span style=\"font-weight: 400;\">Condition: Fair-orange clay layer with traces of matte red slip and accretions in the crevices, slight crack on the underside, obvious wear<\/span><\/p>\n<p><span style=\"font-weight: 400;\">Provenance: Unknown<\/span><span style=\"font-weight: 400;\"><br \/>\n<\/span><span style=\"font-weight: 400;\">Source\/donor: Unknown<\/span><span style=\"font-weight: 400;\"><br \/>\n<\/span><span style=\"font-weight: 400;\">Date of acquisition: Unknown<\/span><span style=\"font-weight: 400;\"><br \/>\n<\/span><span style=\"font-weight: 400;\">Research by: Julia Berutti \u201823, Amy Nicholas \u201811<\/span><\/p>\n<p>&nbsp;<\/p>\n<p><strong>Detailed description of form\/shape:<\/strong><\/p>\n<p><span style=\"font-weight: 400;\">The lamp is made of orange clay, but traces of matte red slip remain in many areas on its surface. There also exist some accretions in the crevices. It is a simple, ovoid shape that is pointed on both ends and bears a larger, open hole in the center. There is a small stub handle protruding off the back. Around the central hole is a ring, followed by a relief decoration.<\/span><\/p>\n<p><strong>Detailed description of decoration:<\/strong><\/p>\n<p><span style=\"font-weight: 400;\">A relief decoration surrounds the central ring, consisting of three concentric rings. The first, closest to the center cut-out, lacks any distinguishable relief. The middle ring bears a ring of diagonal hatch lines, while the outermost ring bears two rows of similar hatch lines, aligning with the center ring to form multiple layers of a zigzagging relief. The general effect achieved is an appearance similar to that of a wreath.<\/span><\/p>\n<p>&nbsp;<\/p>\n<p><strong>Comparanda:<\/strong><\/p>\n<p><span style=\"font-weight: 400;\">For general shape and similar mold type, compare lamps in the <\/span><a href=\"https:\/\/www.mpm.edu\/research-collections\/anthropology\/anthropology-collections-research\/mediterranean-oil-lamps\/lamp-classifications\"><span style=\"font-weight: 400;\">Milwaukee Public Museum<\/span><\/a><span style=\"font-weight: 400;\"> (<\/span><span style=\"font-weight: 400;\">A15856\/5253, A15855\/5253, N18525\/22446, A15852\/5253, A15854\/5253<\/span><span style=\"font-weight: 400;\">, and A58655\/28902), as well as <\/span><a href=\"http:\/\/www.romulus2.com\/lamps\/lampcat\/lampcat3.shtml#syro\"><span style=\"font-weight: 400;\">RSP9 and RSP10<\/span><\/a><span style=\"font-weight: 400;\"> in the RomQ online lamp reference collection. For a very close parallel from Bet-Shean in Israel, see Hadad 1997, fig. 7. Lamps with similar shapes and mold types have been found throughout the eastern Mediterranean and outer regions.<\/span><\/p>\n<p>&nbsp;<\/p>\n<p><strong>Discussion:<\/strong><\/p>\n<p><span style=\"font-weight: 400;\">This lamp style, with its r<\/span><span style=\"font-weight: 400;\">ound, enclosed center, long, protruding nozzles, and handle, is reminiscent of many other Roman lamps across space and time. However, its most striking feature is distinctly Levantine. The large \u201cfiller hole\u201d in the center characterizes it as likely from the region of modern-day Israel, Jordan, Lebanon, and Syria (Da Costa 177). Determining where specifically in the region artifacts come from is difficult for art historians without archeological context, as the area is home to several strong cultural influences. It is not uncommon to find artifacts that originate from the ancient Levant using methods or materials from the West but with decorative elements from the East, especially with newer artifacts (<\/span><span style=\"font-weight: 400;\">\u201cAncient Levantine\u201d)<\/span><span style=\"font-weight: 400;\">.<\/span><\/p>\n<p><span style=\"font-weight: 400;\">The relief decoration possibly depicts a wreath or garland. In Roman visual culture, wreaths could symbolize a number of things, such as victory, loyalty, dedication, memory, completeness, perfection, wholeness, and time, among others. Wreaths were used during weddings, festivals, rituals, funerals, and as demonstrations of sovereignty when worn by leaders (<\/span><span style=\"font-weight: 400;\">Gavrilovi\u0107 et. al. 2012<\/span><span style=\"font-weight: 400;\">, 342).\u00a0<\/span><\/p>\n<p><span style=\"font-weight: 400;\">Very close comparanda, with similar shape and wreath relief, come from excavations at Bet Shean (Hadad 1997, figs. 7-8). This kind of lamp, which the author refers to as \u201cType 7,\u201d was one of the most frequently found at Bet Shean. These lamps were made of orange, brown, or grey clay. The clay color is one of the identifiers for this lamp type, as is the slip and poor firing quality. These lamps are frequently found in northern Palestine (Hadad 1997, 154-156).\u00a0<\/span><\/p>\n<p>&nbsp;<\/p>\n<p><strong>Bibliography:<\/strong><\/p>\n<p><span style=\"font-weight: 400;\">\u201cAncient Lamps - Catalogue 3.\u201d RomQ Reference Collection. Accessed October 26, 2021. <\/span><a href=\"http:\/\/www.romulus2.com\/lamps\/lampcat\/lampcat3.shtml#syro\"><span style=\"font-weight: 400;\">http:\/\/www.romulus2.com\/lamps\/lampcat\/lampcat3.shtml#syro<\/span><\/a><span style=\"font-weight: 400;\">.\u00a0<\/span><\/p>\n<p><span style=\"font-weight: 400;\">De Costa, Emily. 2012. \u201cShining a Light on Shifting Frontiers: Cultural Uses of Ceramic Lamps during\u00a0 Late Antiquity.\u201d In <\/span><i><span style=\"font-weight: 400;\">Shifting Cultural Frontiers in Late Antiquity<\/span><\/i><span style=\"font-weight: 400;\">, edited by David Brakke and Deborah Deliyannis, 167-180. Burlington, VT: Ashgate.<\/span><\/p>\n<p><span style=\"font-weight: 400;\">Gavrilovi\u0107, Dragana , Emilija Nikoli\u0107, and Jelena An\u0111elkovi\u0107 Gra\u0161ar. 2012. \u201cWreath - Its Use and Meaning in Ancient Visual Culture.\u201d <\/span><i><span style=\"font-weight: 400;\">Religion and Tolerance: Journal of the Center for Empirical Researches on Religion<\/span><\/i><span style=\"font-weight: 400;\"> 18: 341\u201358.<\/span><\/p>\n<p><span style=\"font-weight: 400;\">Hadad, Shulamit. 1997. \u201cOil Lamps from the Third to the Eighth Century C. E. at Scythopolis-Bet Shean.\u201d <\/span><i><span style=\"font-weight: 400;\">Dumbarton Oaks Papers<\/span><\/i><span style=\"font-weight: 400;\"> 51: 147\u201388. <\/span><a href=\"https:\/\/doi.org\/10.2307\/1291764\"><span style=\"font-weight: 400;\">https:\/\/doi.org\/10.2307\/1291764<\/span><\/a><span style=\"font-weight: 400;\">.\u00a0<\/span><\/p>\n<p><span style=\"font-weight: 400;\">\u201cLamp Classifications.\u201d Milwaukee Public Museum. Accessed October 4, 2021. <\/span><a href=\"https:\/\/www.mpm.edu\/research-collections\/anthropology\/anthropology-collections-research\/mediterranean-oil-lamps\/lamp-classifications\"><span style=\"font-weight: 400;\">https:\/\/www.mpm.edu\/research-collections\/anthropology\/anthropology-collections-research\/mediterranean-oil-lamps\/lamp-classifications<\/span><\/a><span style=\"font-weight: 400;\">.<\/span><\/p>\n<p><span style=\"font-weight: 400;\">The Art Institute of Chicago. \u201cAncient Levantine.\u201d Accessed October 26, 2021. <\/span><a href=\"https:\/\/www.artic.edu\/artists\/74893\/ancient-levantine\"><span style=\"font-weight: 400;\">https:\/\/www.artic.edu\/artists\/74893\/ancient-levantine<\/span><\/a><span style=\"font-weight: 400;\">.\u00a0<\/span><\/p>\n<\/div>\n<\/div><\/div><\/div><\/div><\/div>","protected":false},"excerpt":{"rendered":"<p>For a 3D model made by the Virtual Curation Lab at Virginia Commonwealth University, see https:\/\/skfb.ly\/orATX Lamp with wreath relief AWG0000.03.10 Roman or Levantine 3rd-5th century CE Material: Ceramic Weight: 51g Dimensions: 8.2 cm across, 5.5 cm at widest point, 2.3 cm high, 0.6 mm thick, 7 cm diameter of central cutout Condition: Fair-orange clay [&hellip;]<\/p>\n","protected":false},"author":5468,"featured_media":0,"parent":0,"menu_order":0,"comment_status":"closed","ping_status":"closed","template":"full-width-page-template.php","meta":{"footnotes":""},"coauthors":[207586],"class_list":["post-572","page","type-page","status-publish","hentry"],"_links":{"self":[{"href":"https:\/\/blog.richmond.edu\/urancient\/wp-json\/wp\/v2\/pages\/572","targetHints":{"allow":["GET"]}}],"collection":[{"href":"https:\/\/blog.richmond.edu\/urancient\/wp-json\/wp\/v2\/pages"}],"about":[{"href":"https:\/\/blog.richmond.edu\/urancient\/wp-json\/wp\/v2\/types\/page"}],"author":[{"embeddable":true,"href":"https:\/\/blog.richmond.edu\/urancient\/wp-json\/wp\/v2\/users\/5468"}],"replies":[{"embeddable":true,"href":"https:\/\/blog.richmond.edu\/urancient\/wp-json\/wp\/v2\/comments?post=572"}],"version-history":[{"count":6,"href":"https:\/\/blog.richmond.edu\/urancient\/wp-json\/wp\/v2\/pages\/572\/revisions"}],"predecessor-version":[{"id":713,"href":"https:\/\/blog.richmond.edu\/urancient\/wp-json\/wp\/v2\/pages\/572\/revisions\/713"}],"wp:attachment":[{"href":"https:\/\/blog.richmond.edu\/urancient\/wp-json\/wp\/v2\/media?parent=572"}],"wp:term":[{"taxonomy":"author","embeddable":true,"href":"https:\/\/blog.richmond.edu\/urancient\/wp-json\/wp\/v2\/coauthors?post=572"}],"curies":[{"name":"wp","href":"https:\/\/api.w.org\/{rel}","templated":true}]}}