{"id":401,"date":"2022-07-24T21:04:19","date_gmt":"2022-07-25T01:04:19","guid":{"rendered":"https:\/\/blog.richmond.edu\/urancient\/?page_id=401"},"modified":"2023-02-03T11:10:31","modified_gmt":"2023-02-03T16:10:31","slug":"tesserae","status":"publish","type":"page","link":"https:\/\/blog.richmond.edu\/urancient\/tesserae\/","title":{"rendered":"Tesserae"},"content":{"rendered":"<div id=\"pl-401\"  class=\"panel-layout\" ><div id=\"pg-401-0\"  class=\"panel-grid panel-no-style\" ><div id=\"pgc-401-0-0\"  class=\"panel-grid-cell\" ><div id=\"panel-401-0-0-0\" class=\"so-panel widget widget_sow-slider panel-first-child\" data-index=\"0\" ><div\n\t\t\t\n\t\t\tclass=\"so-widget-sow-slider so-widget-sow-slider-default-e52a5a17d9a4-401\"\n\t\t\t\n\t\t>\t\t\t\t<div class=\"sow-slider-base\" style=\"display: none\" tabindex=\"0\">\n\t\t\t\t\t<ul\n\t\t\t\t\tclass=\"sow-slider-images\"\n\t\t\t\t\tdata-settings=\"{&quot;pagination&quot;:true,&quot;speed&quot;:800,&quot;timeout&quot;:8000,&quot;paused&quot;:true,&quot;pause_on_hover&quot;:false,&quot;swipe&quot;:true,&quot;nav_always_show_desktop&quot;:true,&quot;nav_always_show_mobile&quot;:true,&quot;breakpoint&quot;:&quot;780px&quot;,&quot;unmute&quot;:false,&quot;anchor&quot;:null}\"\n\t\t\t\t\t\t\t\t\t\tdata-anchor-id=\"\"\n\t\t\t\t>\t\t<li class=\"sow-slider-image\" style=\"visibility: visible;\" >\n\t\t\t\t\t\t<div class=\"sow-slider-image-container\">\n\t\t\t\t<div class=\"sow-slider-image-wrapper\" style=\"max-width: 2560px\">\n\t\t\t\t\t\t\t\t\t\t<div class=\"sow-slider-image-foreground-wrapper\">\n\t\t\t\t\t\t<img loading=\"lazy\" decoding=\"async\" width=\"2560\" height=\"1536\" src=\"https:\/\/blog.richmond.edu\/urancient\/files\/2022\/07\/AWG1901.01.01_all-scaled.jpg\" class=\"sow-slider-foreground-image\" alt=\"\" style=\"height: 400px; width: auto;max-height: 1536px\" srcset=\"https:\/\/blog.richmond.edu\/urancient\/files\/2022\/07\/AWG1901.01.01_all-scaled.jpg 2560w, https:\/\/blog.richmond.edu\/urancient\/files\/2022\/07\/AWG1901.01.01_all-300x180.jpg 300w, https:\/\/blog.richmond.edu\/urancient\/files\/2022\/07\/AWG1901.01.01_all-1024x614.jpg 1024w, https:\/\/blog.richmond.edu\/urancient\/files\/2022\/07\/AWG1901.01.01_all-768x461.jpg 768w, https:\/\/blog.richmond.edu\/urancient\/files\/2022\/07\/AWG1901.01.01_all-1536x922.jpg 1536w, https:\/\/blog.richmond.edu\/urancient\/files\/2022\/07\/AWG1901.01.01_all-2048x1229.jpg 2048w, https:\/\/blog.richmond.edu\/urancient\/files\/2022\/07\/AWG1901.01.01_all-900x540.jpg 900w, https:\/\/blog.richmond.edu\/urancient\/files\/2022\/07\/AWG1901.01.01_all-1280x768.jpg 1280w\" sizes=\"auto, (max-width: 2560px) 100vw, 2560px\" \/>\t\t\t\t\t<\/div>\n\t\t\t\t\t\t\t\t\t<\/div>\n\t\t\t<\/div>\n\t\t\t\t\t<\/li>\n\t\t\t\t<li class=\"sow-slider-image\" style=\"visibility: hidden;\" >\n\t\t\t\t\t\t<div class=\"sow-slider-image-container\">\n\t\t\t\t<div class=\"sow-slider-image-wrapper\" style=\"max-width: 845px\">\n\t\t\t\t\t\t\t\t\t\t<div class=\"sow-slider-image-foreground-wrapper\">\n\t\t\t\t\t\t<img loading=\"lazy\" decoding=\"async\" width=\"845\" height=\"916\" src=\"https:\/\/blog.richmond.edu\/urancient\/files\/2022\/07\/AWG1901.01.01_goldglass.jpg\" class=\"sow-slider-foreground-image\" alt=\"\" style=\"height: 400px; width: auto;max-height: 916px\" srcset=\"https:\/\/blog.richmond.edu\/urancient\/files\/2022\/07\/AWG1901.01.01_goldglass.jpg 845w, https:\/\/blog.richmond.edu\/urancient\/files\/2022\/07\/AWG1901.01.01_goldglass-277x300.jpg 277w, https:\/\/blog.richmond.edu\/urancient\/files\/2022\/07\/AWG1901.01.01_goldglass-768x833.jpg 768w\" sizes=\"auto, (max-width: 845px) 100vw, 845px\" \/>\t\t\t\t\t<\/div>\n\t\t\t\t\t\t\t\t\t<\/div>\n\t\t\t<\/div>\n\t\t\t\t\t<\/li>\n\t\t<\/ul>\t\t\t\t<ol class=\"sow-slider-pagination\">\n\t\t\t\t\t\t\t\t\t\t\t<li><a href=\"#\" data-goto=\"0\" aria-label=\"Display slide 1\"><\/a><\/li>\n\t\t\t\t\t\t\t\t\t\t\t<li><a href=\"#\" data-goto=\"1\" aria-label=\"Display slide 2\"><\/a><\/li>\n\t\t\t\t\t\t\t\t\t<\/ol>\n\n\t\t\t\t<div class=\"sow-slide-nav sow-slide-nav-next\">\n\t\t\t\t\t<a href=\"#\" data-goto=\"next\" aria-label=\"Next slide\" data-action=\"next\">\n\t\t\t\t\t\t<em class=\"sow-sld-icon-medium-right\"><\/em>\n\t\t\t\t\t<\/a>\n\t\t\t\t<\/div>\n\n\t\t\t\t<div class=\"sow-slide-nav sow-slide-nav-prev\">\n\t\t\t\t\t<a href=\"#\" data-goto=\"previous\" aria-label=\"Previous slide\" data-action=\"prev\">\n\t\t\t\t\t\t<em class=\"sow-sld-icon-medium-left\"><\/em>\n\t\t\t\t\t<\/a>\n\t\t\t\t<\/div>\n\t\t\t\t<\/div><\/div><\/div><div id=\"panel-401-0-0-1\" class=\"so-panel widget widget_sow-editor panel-last-child\" data-index=\"1\" ><div\n\t\t\t\n\t\t\tclass=\"so-widget-sow-editor so-widget-sow-editor-base\"\n\t\t\t\n\t\t>\n<div class=\"siteorigin-widget-tinymce textwidget\">\n\t<p><strong>AWG1901.01.01<br \/>\nRoman (Late Roman - Byzantine)\u00a0<\/strong><\/p>\n<p><span style=\"font-weight: 400;\">Material: Stone and glass<br \/>\n<\/span><span style=\"font-weight: 400;\"><br \/>\n<\/span><span style=\"font-weight: 400;\">Dimensions: Red and Gold (1): 1.5cm long, max. width 1cm - Red and Gold (2): 1.5cm long, max. width 1.4cm - Cream: 2.9cm long, max. width 0.8cm - Black and White: 1.9cm long, max. width 1cm - Green: 0.9cm long, max. width 0.6cm - Light Pink: 1.8cm long, max. width 1.7cm - Peach: 1.2cm long, max. width 0.8cm - White: 1cm long, max. width 0.9cm - Gold Glass: 0.9cm long, max.width 0.6cm<br \/>\n<\/span><span style=\"font-weight: 400;\">Conservation: Several tesserae have remnants of mortar on the sides<\/span><\/p>\n<p><span style=\"font-weight: 400;\">Provenance: Unknown<\/span><span style=\"font-weight: 400;\"><br \/>\n<\/span><span style=\"font-weight: 400;\">Source\/donor: Museum of Richmond College, probably donated by William Thomas Hundley, acquired 1900-1901<\/span><\/p>\n<p><span style=\"font-weight: 400;\">Research by: Paige Walworth (Maggie Walker Governor\u2019s School, \u201922)\u00a0<\/span><\/p>\n<p><strong>Detailed description of form\/shape:<br \/>\n<\/strong><span style=\"font-weight: 400;\">A collection of tesserae of various materials, shapes, and colors. Each piece is roughly rectangular or cubical in shape.\u00a0<\/span><span style=\"font-weight: 400;\">One tessera, a cream colored rectangular tessera (at the right of the group photo above), has faint remnants of a label on three sides and mortar on the other side. The white cube tessera also has faint remnants of mortar on several sides. The pieces are made from different materials, including various stones, glass, and glass paste with gold leaf.<\/span><\/p>\n<p><strong>Comparanda:<br \/>\n<\/strong><span style=\"font-weight: 400;\">For an example of tesserae similar to the red with gold leaf, cf. Louvre inv. no. OA 7735\/47 (<\/span><a href=\"https:\/\/collections.louvre.fr\/ark:\/53355\/cl010330065\"><span style=\"font-weight: 400;\">Louvre Online Collections<\/span><\/a><span style=\"font-weight: 400;\">). <\/span><span style=\"font-weight: 400;\">For an example of green tesserae, cf. Louvre inv. no. AFI 2295\/47 (<\/span><a href=\"https:\/\/collections.louvre.fr\/ark:\/53355\/cl010316779\"><span style=\"font-weight: 400;\">Louvre Online Collections<\/span><\/a><span style=\"font-weight: 400;\">). <\/span><span style=\"font-weight: 400;\">For an example of a mosaic fragment using green tesserae, cf. Louvre inv. no. AFI 2295\/17 (<\/span><a href=\"https:\/\/collections.louvre.fr\/ark:\/53355\/cl010316746\"><span style=\"font-weight: 400;\">Louvre Online Collections<\/span><\/a><span style=\"font-weight: 400;\">)<\/span><\/p>\n<p><strong>Discussion:<br \/>\n<\/strong><span style=\"font-weight: 400;\">Tesserae are stone and glass pieces used to form mosaics. Due to their fragility, glass tesserae were sparingly used in floor mosaics but were often found in mosaics used as wall decoration. Wall or vault mosaics were known as <\/span><i><span style=\"font-weight: 400;\">opus museum <\/span><\/i><span style=\"font-weight: 400;\">or <\/span><i><span style=\"font-weight: 400;\">musivium<\/span><\/i><span style=\"font-weight: 400;\">, while floor mosaics were known as <\/span><i><span style=\"font-weight: 400;\">opus tessellatum<\/span><\/i><span style=\"font-weight: 400;\">. Wall-mosaicists (<\/span><i><span style=\"font-weight: 400;\">musearius<\/span><\/i><span style=\"font-weight: 400;\"> or <\/span><i><span style=\"font-weight: 400;\">musivarius<\/span><\/i><span style=\"font-weight: 400;\">) were paid 20 percent higher than floor mosaicists (<\/span><i><span style=\"font-weight: 400;\">tessellarius<\/span><\/i><span style=\"font-weight: 400;\"> or <\/span><i><span style=\"font-weight: 400;\">tesserarius<\/span><\/i><span style=\"font-weight: 400;\">) as stipulated in Diocletian\u2019s Price Edict, since there was a greater danger when crafting mosaics high up (Ling 7).\u00a0<\/span><\/p>\n<p><span style=\"font-weight: 400;\">As described in Vitruvius\u2019 <\/span><i><span style=\"font-weight: 400;\">On Architecture<\/span><\/i><span style=\"font-weight: 400;\">, Roman mosaics were composed of three preparatory layers. These included an initial layer of fine rubble (<\/span><i><span style=\"font-weight: 400;\">statumen<\/span><\/i><span style=\"font-weight: 400;\">), a no less than three-quarters foot thick layer of compacted mortar (<\/span><i><span style=\"font-weight: 400;\">rudus<\/span><\/i><span style=\"font-weight: 400;\">), and a layer not less than six inches thick of an aggregate of terracotta (<\/span><i><span style=\"font-weight: 400;\">nucleus<\/span><\/i><span style=\"font-weight: 400;\">). In many remaining mosaics, it is possible to see one or two preparatory layers of coarse mortar, only about 2 or 3 inches thick, with a fine layer of mortar in which the tesserae would be pressed (Ling 11).<\/span><\/p>\n<p><span style=\"font-weight: 400;\">Stone tesserae were made by sawing raw material in long sticks and then chipping the pieces in cubes with a hammer and chisel. Glass tesserae were formed from flat glass \u201ccakes\u201d that were chipped into individual pieces. Tesserae were likely stockpiled, as evident by buildings found with heaps of tesserae (Ling 13).\u00a0<\/span><\/p>\n<p><span style=\"font-weight: 400;\">Two tesserae in the Ancient World Gallery Collection are made from red glass paste with a layer of gold leaf decoration under a layer of clear glass (see <\/span><a href=\"https:\/\/collections.louvre.fr\/ark:\/53355\/cl010330065\"><span style=\"font-weight: 400;\">Louvre OA 7735\/47<\/span><\/a><span style=\"font-weight: 400;\">). In an experimental study at the Bezalel Academy of Art and Design in Jerusalem, replica gold-glass tiles were made using the technique of sand casting and glass blowing. Gold foil was added to hot glass shaped in a square sand mold, and a thin layer of colorless glass was blown on top of the gold foil (Gorin-Rosen). The similar tesserae at the Louvre are from Samarra and are dated in the 9th century.<\/span><\/p>\n<p><span style=\"font-weight: 400;\">William Thomas Hundley possibly acquired these tesserae during his travels to Egypt, Palestine, Turkey, Greece, and other countries in 1900. The decayed paper label attached to one of the tesserae matches better-preserved white paper labels on some objects now in the Lora Robins Gallery that had been part of the Richmond College museum. Records describe Hundley acquiring mosaic pieces from the floors in the Palace of Titus in Rome, as well as small rocks and pebbles from other places he visited. These items were housed as of 1974 in the Rare Books Room in Boatwright Library, along with the limestone sphinx which is now in the Ancient World Gallery (Cherry). Therefore, it is likely that the tesserae in the Ancient World Gallery originally belonged to Hundley\u2019s collection.<\/span><\/p>\n<p><strong>Bibliography:<br \/>\n<\/strong><span style=\"font-weight: 400;\">Belis, Alexis. \u201cItaly.\u201d In R<\/span><i><span style=\"font-weight: 400;\">oman Mosaics in the J. Paul Getty Museum<\/span><\/i><span style=\"font-weight: 400;\">, by Alexis Belis.\u00a0<\/span><\/p>\n<p><span style=\"font-weight: 400;\">Los Angeles: J. Paul Getty Museum, 2016. <\/span><a href=\"http:\/\/www.getty.edu\/publications\/romanmosaics\/catalogue\/italy\/\"><span style=\"font-weight: 400;\">http:\/\/www.getty.edu\/publications\/romanmosaics\/catalogue\/italy\/<\/span><\/a><span style=\"font-weight: 400;\">.\u00a0<\/span><\/p>\n<p><span style=\"font-weight: 400;\">Cartwright, Mark. \u201cRoman Mosaics.\u201d <\/span><i><span style=\"font-weight: 400;\">World History Encyclopedia<\/span><\/i><span style=\"font-weight: 400;\">. June 14, 2013.\u00a0<\/span><a href=\"https:\/\/www.worldhistory.org\/article\/498\/roman-mosaics\/\"><span style=\"font-weight: 400;\">https:\/\/www.worldhistory.org\/article\/498\/roman-mosaics\/<\/span><\/a><span style=\"font-weight: 400;\">\u00a0<\/span><\/p>\n<p><span style=\"font-weight: 400;\">Cherry, Ann F. \u201cAn approximate record of the historical and artistic possessions of <\/span><span style=\"font-weight: 400;\">the University of Richmond as of October 1, 1974.\u201d Typed card catalog index <\/span><span style=\"font-weight: 400;\">held in the University of Richmond Archives, Virginia Baptist Historical Society.<\/span><\/p>\n<p><span style=\"font-weight: 400;\">Gorin-Rosen, Yael. \u201cByzantine Gold Glass from Excavations in the Holy Land.\u201d <\/span><i><span style=\"font-weight: 400;\">Journal <\/span><\/i><i><span style=\"font-weight: 400;\">of Glass Studies<\/span><\/i><span style=\"font-weight: 400;\"> 57 (2015): 97\u2013119. <\/span><a href=\"http:\/\/www.jstor.org\/stable\/24726950\"><span style=\"font-weight: 400;\">http:\/\/www.jstor.org\/stable\/24726950<\/span><\/a><span style=\"font-weight: 400;\">.<\/span><\/p>\n<p><span style=\"font-weight: 400;\">Ling, Roger. <\/span><i><span style=\"font-weight: 400;\">Ancient Mosaics<\/span><\/i><span style=\"font-weight: 400;\">. Princeton: Princeton University Press, 1998.\u00a0<\/span><\/p>\n<p><span style=\"font-weight: 400;\">For more information on the gold foil technique, see:<\/span><\/p>\n<p><span style=\"font-weight: 400;\">Helary, Doriane. \u201c\u00c9tude de couches dor\u00e9es sur mati\u00e8res vitreuses : application aux<br \/>\n<\/span><span style=\"font-weight: 400;\">tesselles \u00e0 feuille d\u2019or et aux c\u00e9ramiques gla\u00e7ur\u00e9es \u00e0 d\u00e9cors de lustres dor\u00e9s.\u201d<br \/>\n<\/span><i><span style=\"font-weight: 400;\">Sciences de l\u2019ing\u00e9nieur<\/span><\/i><span style=\"font-weight: 400;\">. \u00c9cole Nationale Sup\u00e9rieure des Mines de Paris, 2003. <\/span><a href=\"https:\/\/pastel.archives-ouvertes.fr\/pastel-00001345\/document\"><span style=\"font-weight: 400;\">https:\/\/pastel.archives-ouvertes.fr\/pastel-00001345\/documen<\/span><\/a><\/p>\n<\/div>\n<\/div><\/div><\/div><\/div><\/div>","protected":false},"excerpt":{"rendered":"<p>AWG1901.01.01 Roman (Late Roman &#8211; Byzantine)\u00a0 Material: Stone and glass Dimensions: Red and Gold (1): 1.5cm long, max. width 1cm &#8211; Red and Gold (2): 1.5cm long, max. width 1.4cm &#8211; Cream: 2.9cm long, max. width 0.8cm &#8211; Black and White: 1.9cm long, max. width 1cm &#8211; Green: 0.9cm long, max. width 0.6cm &#8211; Light [&hellip;]<\/p>\n","protected":false},"author":5468,"featured_media":0,"parent":0,"menu_order":0,"comment_status":"closed","ping_status":"closed","template":"full-width-page-template.php","meta":{"footnotes":""},"coauthors":[207586],"class_list":["post-401","page","type-page","status-publish","hentry"],"_links":{"self":[{"href":"https:\/\/blog.richmond.edu\/urancient\/wp-json\/wp\/v2\/pages\/401","targetHints":{"allow":["GET"]}}],"collection":[{"href":"https:\/\/blog.richmond.edu\/urancient\/wp-json\/wp\/v2\/pages"}],"about":[{"href":"https:\/\/blog.richmond.edu\/urancient\/wp-json\/wp\/v2\/types\/page"}],"author":[{"embeddable":true,"href":"https:\/\/blog.richmond.edu\/urancient\/wp-json\/wp\/v2\/users\/5468"}],"replies":[{"embeddable":true,"href":"https:\/\/blog.richmond.edu\/urancient\/wp-json\/wp\/v2\/comments?post=401"}],"version-history":[{"count":6,"href":"https:\/\/blog.richmond.edu\/urancient\/wp-json\/wp\/v2\/pages\/401\/revisions"}],"predecessor-version":[{"id":746,"href":"https:\/\/blog.richmond.edu\/urancient\/wp-json\/wp\/v2\/pages\/401\/revisions\/746"}],"wp:attachment":[{"href":"https:\/\/blog.richmond.edu\/urancient\/wp-json\/wp\/v2\/media?parent=401"}],"wp:term":[{"taxonomy":"author","embeddable":true,"href":"https:\/\/blog.richmond.edu\/urancient\/wp-json\/wp\/v2\/coauthors?post=401"}],"curies":[{"name":"wp","href":"https:\/\/api.w.org\/{rel}","templated":true}]}}