{"id":17,"date":"2018-08-21T12:46:04","date_gmt":"2018-08-21T16:46:04","guid":{"rendered":"https:\/\/blog.richmond.edu\/tallerdeescritura\/?page_id=17"},"modified":"2018-08-21T12:47:04","modified_gmt":"2018-08-21T16:47:04","slug":"como-escribir-a-maquina-en-espanol","status":"publish","type":"page","link":"https:\/\/blog.richmond.edu\/tallerdeescritura\/como-escribir-a-maquina-en-espanol\/","title":{"rendered":"C\u00f3mo escribir a m\u00e1quina en espa\u00f1ol"},"content":{"rendered":"<p>Instructions for Mac OS X users: <a href=\"https:\/\/blog.richmond.edu\/tallerdeescritura\/files\/2018\/08\/Mac_Roman.pdf\" target=\"_blank\" rel=\"noopener\">Mac OS X<\/a><\/p>\n<p>Instructions for Windows users: <a href=\"https:\/\/www.thoughtco.com\/spanish-accents-and-punctuation-in-windows-3080315\" target=\"_blank\" rel=\"noopener\">https:\/\/www.thoughtco.com\/spanish-accents-and-punctuation-in-windows-3080315<\/a><\/p>\n","protected":false},"excerpt":{"rendered":"<p>Instructions for Mac OS X users: Mac OS X Instructions for Windows users: https:\/\/www.thoughtco.com\/spanish-accents-and-punctuation-in-windows-3080315<\/p>\n","protected":false},"author":2510,"featured_media":0,"parent":0,"menu_order":0,"comment_status":"closed","ping_status":"closed","template":"","meta":{"colormag_page_layout":"default_layout","footnotes":""},"class_list":["post-17","page","type-page","status-publish","hentry"],"_links":{"self":[{"href":"https:\/\/blog.richmond.edu\/tallerdeescritura\/wp-json\/wp\/v2\/pages\/17","targetHints":{"allow":["GET"]}}],"collection":[{"href":"https:\/\/blog.richmond.edu\/tallerdeescritura\/wp-json\/wp\/v2\/pages"}],"about":[{"href":"https:\/\/blog.richmond.edu\/tallerdeescritura\/wp-json\/wp\/v2\/types\/page"}],"author":[{"embeddable":true,"href":"https:\/\/blog.richmond.edu\/tallerdeescritura\/wp-json\/wp\/v2\/users\/2510"}],"replies":[{"embeddable":true,"href":"https:\/\/blog.richmond.edu\/tallerdeescritura\/wp-json\/wp\/v2\/comments?post=17"}],"version-history":[{"count":0,"href":"https:\/\/blog.richmond.edu\/tallerdeescritura\/wp-json\/wp\/v2\/pages\/17\/revisions"}],"wp:attachment":[{"href":"https:\/\/blog.richmond.edu\/tallerdeescritura\/wp-json\/wp\/v2\/media?parent=17"}],"curies":[{"name":"wp","href":"https:\/\/api.w.org\/{rel}","templated":true}]}}