{"id":2368,"date":"2019-12-20T17:01:18","date_gmt":"2019-12-20T22:01:18","guid":{"rendered":"http:\/\/blog.richmond.edu\/sal\/?page_id=2368"},"modified":"2020-01-02T10:21:45","modified_gmt":"2020-01-02T15:21:45","slug":"climate-change-atlas-of-the-americas","status":"publish","type":"page","link":"https:\/\/blog.richmond.edu\/sal-sandbox\/research-and-projects\/climate-change-atlas-of-the-americas\/","title":{"rendered":"Atlas del Cambio Clim\u00e1tico de las Am\u00e9ricas"},"content":{"rendered":"<p>El Atlas del Cambio Clim\u00e1tico de las Am\u00e9ricas es un proyecto en colaboraci\u00f3n con el Instituto Panamericano de Geograf\u00eda e Historia (PAIGH) y la Dra. Nancy Aguirre de la UPTC, la Dra. Fabiola Barrenechea de la UBO, el Dr. Fernando L\u00f3pez Mart\u00edn de IGEAR y la Universidad de Zaragoza entre otros. El proyecto atlas implica un Atlas din\u00e1mico basado en la web con estudios de casos de impactos particulares del cambio clim\u00e1tico en forma de StoryMaps.<\/p>\n<p>The Atlas of Climate Change of the Americas is a project in collaboration with the Pan American Institute of Geography and History (PAIGH) and Dr. Nancy Aguirre of the UPTC, Dr. Fabiola Barrenechea of \u200b\u200bthe UBO, Dr. Fernando L\u00f3pez Mart\u00edn de IGEAR and the University of Zaragoza among others. The atlas project involves a dynamic web-based Atlas with case studies of particular impacts of climate change in the form of StoryMaps.<\/p>\n<hr \/>\n<p>Se ha lanzado una versi\u00f3n beta del sitio web del Atlas de cambio clim\u00e1tico de las Am\u00e9ricas, que se puede ver <a href=\"https:\/\/idearagon.aragon.es\/lib\/IDEAragon\/examples\/ACCA\/ACCA.html\" target=\"_blank\" rel=\"noopener\">aqu\u00ed<\/a>.<\/p>\n<p>A Beta version of the Climate Change Atlas of the Americas website has been launched and can be viewed <a href=\"https:\/\/idearagon.aragon.es\/lib\/IDEAragon\/examples\/ACCA\/ACCA.html\" target=\"_blank\" rel=\"noopener\">here<\/a>.<\/p>\n<hr \/>\n<p>Tambi\u00e9n puede descargar esta <a href=\"https:\/\/richmond.box.com\/s\/lq25hb5eke80lak53atrp0ir694ez7v8\" target=\"_blank\" rel=\"noopener\">presentaci\u00f3n<\/a> impartida en la conferencia de las Naciones Unidas sobre el Cambio Clim\u00e1tico en Madrid, Espa\u00f1a en diciembre de 2019.<\/p>\n<p>You can also download this <a href=\"https:\/\/richmond.box.com\/s\/lq25hb5eke80lak53atrp0ir694ez7v8\" target=\"_blank\" rel=\"noopener\">presentation<\/a> given at the UN\u2019s Climate Change conference in Madrid, Spain in December 2019.<\/p>\n<hr \/>\n<p>Los estudiantes crearon un tutorial en espa\u00f1ol sobre c\u00f3mo hacer un StoryMap. Haga clic en la imagen para descargar una copia.<\/p>\n<p>Students created a Spanish tutorial on how to make a StoryMap. Click on the picture to download a copy.<br \/>\n<a href=\"https:\/\/richmond.box.com\/s\/ctpvogh4sjeuqmbdtf95e6ugsc65y2bm\" target=\"_blank\" rel=\"noopener\"><img loading=\"lazy\" decoding=\"async\" class=\"aligncenter wp-image-2373 size-full\" src=\"http:\/\/blog.richmond.edu\/sal-sandbox\/files\/2019\/12\/Screenshot-of-powerpoint-tutorial.jpg\" alt=\"\" width=\"806\" height=\"338\" \/><\/a><\/p>\n<hr \/>\n<p>Los estudiantes tambi\u00e9n tradujo un video tutorial de ESRI StoryMap y proporcion\u00f3 subt\u00edtulos para hablantes de espa\u00f1ol.<\/p>\n<p>Students also translated an ESRI StoryMap video tutorial and provided sub-titles for native Spanish speakers.<\/p>\n<p><span class=\"embed-youtube\" style=\"text-align:center; display: block;\"><iframe loading=\"lazy\" class=\"youtube-player\" width=\"750\" height=\"422\" src=\"https:\/\/www.youtube.com\/embed\/xZPDxx2KXvY?version=3&#038;rel=1&#038;showsearch=0&#038;showinfo=1&#038;iv_load_policy=1&#038;fs=1&#038;hl=en-US&#038;autohide=2&#038;wmode=transparent\" allowfullscreen=\"true\" style=\"border:0;\" sandbox=\"allow-scripts allow-same-origin allow-popups allow-presentation allow-popups-to-escape-sandbox\"><\/iframe><\/span><\/p>\n","protected":false},"excerpt":{"rendered":"<p>El Atlas del Cambio Clim\u00e1tico de las Am\u00e9ricas es un proyecto en colaboraci\u00f3n con el Instituto Panamericano de Geograf\u00eda e Historia (PAIGH) y la Dra. Nancy Aguirre de la UPTC, la Dra. Fabiola Barrenechea de la UBO, el Dr. Fernando L\u00f3pez Mart\u00edn de IGEAR y la Universidad de Zaragoza entre otros. El proyecto atlas implica &hellip; <\/p>\n<p><a class=\"more-link btn\" href=\"https:\/\/blog.richmond.edu\/sal-sandbox\/research-and-projects\/climate-change-atlas-of-the-americas\/\">Continue reading<\/a><\/p>\n","protected":false},"author":4955,"featured_media":0,"parent":1810,"menu_order":0,"comment_status":"closed","ping_status":"closed","template":"","meta":{"jetpack_post_was_ever_published":false,"footnotes":""},"class_list":["post-2368","page","type-page","status-publish","hentry","nodate","item-wrap"],"jetpack_sharing_enabled":true,"jetpack_shortlink":"https:\/\/wp.me\/P6Tv8N-Cc","_links":{"self":[{"href":"https:\/\/blog.richmond.edu\/sal-sandbox\/wp-json\/wp\/v2\/pages\/2368","targetHints":{"allow":["GET"]}}],"collection":[{"href":"https:\/\/blog.richmond.edu\/sal-sandbox\/wp-json\/wp\/v2\/pages"}],"about":[{"href":"https:\/\/blog.richmond.edu\/sal-sandbox\/wp-json\/wp\/v2\/types\/page"}],"author":[{"embeddable":true,"href":"https:\/\/blog.richmond.edu\/sal-sandbox\/wp-json\/wp\/v2\/users\/4955"}],"replies":[{"embeddable":true,"href":"https:\/\/blog.richmond.edu\/sal-sandbox\/wp-json\/wp\/v2\/comments?post=2368"}],"version-history":[{"count":0,"href":"https:\/\/blog.richmond.edu\/sal-sandbox\/wp-json\/wp\/v2\/pages\/2368\/revisions"}],"up":[{"embeddable":true,"href":"https:\/\/blog.richmond.edu\/sal-sandbox\/wp-json\/wp\/v2\/pages\/1810"}],"wp:attachment":[{"href":"https:\/\/blog.richmond.edu\/sal-sandbox\/wp-json\/wp\/v2\/media?parent=2368"}],"curies":[{"name":"wp","href":"https:\/\/api.w.org\/{rel}","templated":true}]}}