{"id":2,"date":"2008-02-14T17:08:39","date_gmt":"2008-02-14T22:08:39","guid":{"rendered":"http:\/\/blog.richmond.edu\/laisfeldman\/about\/"},"modified":"2023-06-01T21:10:15","modified_gmt":"2023-06-02T01:10:15","slug":"about","status":"publish","type":"page","link":"https:\/\/blog.richmond.edu\/laisfeldman\/","title":{"rendered":"About"},"content":{"rendered":"<div>\n<p><strong>Sharon G. Feldman<\/strong>\u00a0is Associate Dean for Division I (Arts, Languages, and Cultures). She holds the William Judson Gaines Chair in Modern Foreign Languages and serves as Professor of Spanish and Catalan Studies in the Department of Latin American, Latino, &amp; Iberian Studies. Her expertise lies in the realm of theatre and performance from the Iberian Peninsula, both modern and contemporary. Currently, she is in the final stages of completing a groundbreaking book that examines the North American trajectory of the theatre of renowned Catalan playwright and poet \u00c0ngel Guimer\u00e0 (1845-1924). Guimer\u00e0\u2019s theatrical works, adapted into English, enjoyed a continuous presence on stages and screens throughout the United States and Canada during the early twentieth century. In addition to her research, she is an accomplished translator of contemporary Catalan drama. She has translated over 30 Catalan plays into English, contributing to the dissemination of Catalan literature on an international stage. Her expertise and contributions have earned her the distinction of \u201ccorresponding member abroad\u201d of the prestigious Royal Academy of Letters of Barcelona. As Associate Dean, she plays a vital role in supporting faculty in the arts, languages, and cultures. She also oversees the hiring of contingent faculty, as well as curriculum changes within the School of Arts &amp; Sciences. Recent highlights include her collaboration with the Department of English to establish a new major in Creative Writing and spearheading the A&amp;S Books &amp; Roses Celebration, a new tradition showcasing the publication of faculty books in the School of Arts &amp; Sciences.<\/p>\n<\/div>\n<div>\n<p>As a specialist in theatre and performance from the Iberian Peninsula, much of her scholarship has been animated by an interest in how contemporary theatre artists and practitioners in Spain, subject to varying dictatorial forces, have moved between the center and the periphery, between the margins of exile and the recesses of memory, to a position of visibility and legitimacy. Her interest in artistic dissent naturally led her to Catalonia (specifically, the city of Barcelona), and the process of recuperation, revival, and relegitimization of Catalan theatrical life that ensued there in the wake of the Franco dictatorship. She is currently preparing a book examining the work of modern Catalan dramatist \u00c0ngel Guimer\u00e0, one of Catalonia\u2019s most celebrated writers, and the backstory \u2013 the reception, circulation, and production histories \u2013 of two of his most celebrated plays, which<i> <\/i>were adapted into English and enjoyed a continuous presence both in theatrical and cinematic form throughout North America between 1903 and 1916. She is a \u201ccorresponding member abroad\u201d of the Reial Acad\u00e8mia de Bones Lletres de Barcelona and\u00a0is a member of the Dramatists Guild of America.<\/p>\n<\/div>\n<p style=\"text-align: center;\"><strong>__________________<\/strong><\/p>\n<p><strong>Sharon G. Feldman<\/strong>, nascuda a Nova York, \u00e9s doctora en Estudis Hisp\u00e0nics per la Universitat de Texas a Austin. Tamb\u00e9 ha cursat estudis a la Universitat de Nova York (NYU) i la Universitat de Pennsilvani\u00e0. Actualment \u00e9s catedr\u00e0tica al Departament d\u2019Estudis Llatinoamericans, Latins i Peninsulars a la Universitat de Richmond (Virg\u00ednia), on ocupa la William Judson Gaines Chair in Modern Foreign Languages i s\u2019especialitza en arts esc\u00e8niques contempor\u00e0nies. \u00c9s autora, entre altres, d\u2019<em>Alegor\u00edas de la disidencia: El teatro de Agust\u00edn G\u00f3mez-Arcos<\/em>\u00a0(Institut d\u2019Estudios Almerienses, 2002), \u00a0<em>A l\u2019ull de l\u2019hurac\u00e0: Teatre catal\u00e0 contemporani\u00a0<\/em>(L&#8217;Aven\u00e7, 2012; Premi Serra d\u2019Or de Catalan\u00edstica, 2010) i <em>Els l\u00edmits del silenci: La censura del teatre catal\u00e0 durant el franquisme<\/em> (amb Francesc Foguet, <em>Publicacions de l\u2019Abadia de Montserrat<\/em>, 2016) i coeditora de\u00a0<em>Barcelona Plays<\/em>\u00a0(Martin E. Segal Theatre Center\/The Graduate Center-CUNY, 2008), un recull d&#8217;obres teatrals catalanes tradu\u00efdes a l&#8217;angl\u00e8s<em>.\u00a0<\/em>Paral\u00b7lelament, desenvolupa una extensa tasca com a traductora de textos dram\u00e0tics catalans d&#8217;autors de la talla de Carles Batlle, Sergi Belbel, Josep M. Benet i Jornet, Llu\u00efsa Cunill\u00e9, Josep M. Mir\u00f3 o Pau Mir\u00f3, alguns dels quals han pujat a escenaris d\u2019Alemanya, Anglaterra, Canad\u00e0, els Estats Units i Irlanda. Ha format part del Grup de Recerca en Arts Esc\u00e8niques de la Universitat Aut\u00f2noma de Barcelona, i \u00e9s membre corresponent a l\u2019estranger de la Reial Acad\u00e8mia de Bones Lletres de Barcelona.<\/p>\n<p>Contact: sfeldman@richmond.edu<\/p>\n","protected":false},"excerpt":{"rendered":"<p>Sharon G. Feldman\u00a0is Associate Dean for Division I (Arts, Languages, and Cultures). She holds the William Judson Gaines Chair in Modern Foreign Languages and serves as Professor of Spanish and Catalan Studies in the Department of Latin American, Latino, &amp; &hellip; <a href=\"https:\/\/blog.richmond.edu\/laisfeldman\/\">Continue reading <span class=\"meta-nav\">&rarr;<\/span><\/a><\/p>\n","protected":false},"author":95,"featured_media":0,"parent":0,"menu_order":0,"comment_status":"closed","ping_status":"closed","template":"","meta":{"footnotes":""},"class_list":["post-2","page","type-page","status-publish","hentry"],"_links":{"self":[{"href":"https:\/\/blog.richmond.edu\/laisfeldman\/wp-json\/wp\/v2\/pages\/2","targetHints":{"allow":["GET"]}}],"collection":[{"href":"https:\/\/blog.richmond.edu\/laisfeldman\/wp-json\/wp\/v2\/pages"}],"about":[{"href":"https:\/\/blog.richmond.edu\/laisfeldman\/wp-json\/wp\/v2\/types\/page"}],"author":[{"embeddable":true,"href":"https:\/\/blog.richmond.edu\/laisfeldman\/wp-json\/wp\/v2\/users\/95"}],"replies":[{"embeddable":true,"href":"https:\/\/blog.richmond.edu\/laisfeldman\/wp-json\/wp\/v2\/comments?post=2"}],"version-history":[{"count":3,"href":"https:\/\/blog.richmond.edu\/laisfeldman\/wp-json\/wp\/v2\/pages\/2\/revisions"}],"predecessor-version":[{"id":308,"href":"https:\/\/blog.richmond.edu\/laisfeldman\/wp-json\/wp\/v2\/pages\/2\/revisions\/308"}],"wp:attachment":[{"href":"https:\/\/blog.richmond.edu\/laisfeldman\/wp-json\/wp\/v2\/media?parent=2"}],"curies":[{"name":"wp","href":"https:\/\/api.w.org\/{rel}","templated":true}]}}