{"id":56,"date":"2020-12-01T09:02:37","date_gmt":"2020-12-01T14:02:37","guid":{"rendered":"http:\/\/blog.richmond.edu\/clarice-lispector\/?page_id=56"},"modified":"2020-12-10T08:57:12","modified_gmt":"2020-12-10T13:57:12","slug":"sobre-nosotrxs","status":"publish","type":"page","link":"https:\/\/blog.richmond.edu\/clarice-lispector\/sobre-nosotrxs\/","title":{"rendered":"Sobre Nosotrxs"},"content":{"rendered":"<p style=\"font-weight: 400;\"><img loading=\"lazy\" decoding=\"async\" class=\" wp-image-227 alignleft\" src=\"http:\/\/blog.richmond.edu\/clarice-lispector\/files\/2020\/12\/UNADJUSTEDNONRAW_thumb_377f-300x225.jpg\" alt=\"\" width=\"280\" height=\"210\" srcset=\"https:\/\/blog.richmond.edu\/clarice-lispector\/files\/2020\/12\/UNADJUSTEDNONRAW_thumb_377f-300x225.jpg 300w, https:\/\/blog.richmond.edu\/clarice-lispector\/files\/2020\/12\/UNADJUSTEDNONRAW_thumb_377f-768x576.jpg 768w, https:\/\/blog.richmond.edu\/clarice-lispector\/files\/2020\/12\/UNADJUSTEDNONRAW_thumb_377f.jpg 1024w, https:\/\/blog.richmond.edu\/clarice-lispector\/files\/2020\/12\/UNADJUSTEDNONRAW_thumb_377f-285x214.jpg 285w\" sizes=\"auto, (max-width: 280px) 100vw, 280px\" \/><strong>Mariela M\u00e9ndez<\/strong>\u00a0es Profesora Asociada y Jefa del Departamento de Latin American, Latino &amp; Iberian Studies y Profesora Asociada de Women, Gender &amp; Sexuality Studies en la Universidad de Richmond. Es la autora del libro\u00a0<em>Cr\u00f3nicas travestis: El periodismo transgresor de Alfonsina Storni, Clarice Lispector y Mar\u00eda Moreno\u00a0<\/em>(Argentina: Beatriz Viterbo, 2017), ganador del Premio Victoria Urbano a la Mejor Monograf\u00eda Cr\u00edtica en el 2019 por la Asociaci\u00f3n de Estudios de G\u00e9nero y Sexualidades y ha co-editado varios libros, entre ellos tres selecciones de cr\u00f3nicas de la escritora Alfonsina Storni\u2014<em>Urbanas y Modernas\u00a0<\/em>(Valencia: Barl\u00edn Libros, 2019),\u00a0<em>Un libro quemado\u00a0<\/em>(Buenos Aires: Editorial Excursiones, 2014 ) y\u00a0<em>Nosotras . . . y la piel\u00a0<\/em>(Buenos Aires: Alfaguara, 1998), adem\u00e1s de una colet\u00e1nea de ensayos sobre la cronista Mar\u00eda Moreno de reciente aparici\u00f3n,\u00a0<em>El Affair Moreno<\/em>, co-editado con\u00a0Claudia\u00a0Darrigrandi y Viviane Mahieux. Ha publicado extensamente sobre la obra period\u00edstica de la escritora brasile\u00f1a Clarice Lispector y actualmente se encuentra trabajando en dos proyectos de libro: uno sobre la participaci\u00f3n en prensa de Clarice en los 50 y 60, y otro sobre la representaci\u00f3n de los g\u00e9neros y las sexualidades en las revistas de esa \u00e9poca.<\/p>\n<p>&nbsp;<\/p>\n<p>&nbsp;<\/p>\n<div dir=\"ltr\">\n<p style=\"text-align: right;\"><strong><img loading=\"lazy\" decoding=\"async\" class=\"wp-image-299 alignright\" src=\"http:\/\/blog.richmond.edu\/clarice-lispector\/files\/2020\/12\/Constanza-Penacini-e1607485869425-192x300.jpeg\" alt=\"\" width=\"157\" height=\"246\" srcset=\"https:\/\/blog.richmond.edu\/clarice-lispector\/files\/2020\/12\/Constanza-Penacini-e1607485869425-192x300.jpeg 192w, https:\/\/blog.richmond.edu\/clarice-lispector\/files\/2020\/12\/Constanza-Penacini-e1607485869425-655x1024.jpeg 655w, https:\/\/blog.richmond.edu\/clarice-lispector\/files\/2020\/12\/Constanza-Penacini-e1607485869425.jpeg 716w\" sizes=\"auto, (max-width: 157px) 100vw, 157px\" \/>Constanza Penacini<\/strong>\u00a0naci\u00f3 en Argentina, es Licenciada en Letras por la Universidad de Buenos Aires (UBA) y profesora regular de Literatura Brasile\u00f1a en la misma instituci\u00f3n. Se desempe\u00f1a, tambi\u00e9n como docente, en FLACSO y en la Universidad Nacional de Hurlingham. Obtuvo becas nacionales e internacionales. En la actualidad es becaria del Consejo Nacional de Investigaciones Cient\u00edficas y T\u00e9cnicas (CONICET) y est\u00e1 culminando su doctorado en Literatura con una tesis sobre Clarice Lispector, en la Facultad de Filosof\u00eda y Letras de la UBA. Ha publicado art\u00edculos en\u00a0<i>\u00bfPor qu\u00e9 Brasil, qu\u00e9 Brasil? Recorridos cr\u00edticos. La literatura y el arte brasile\u00f1os desde Argentina<\/i>\u00a0y en\u00a0<i>Intersecciones. Literatura latinoamericana y otras artes,\u00a0<\/i>entre otros, as\u00ed como en las ediciones cr\u00edticas argentinas\u00a0de<i>\u00a0El v\u00eda crucis del cuerpo\u00a0<\/i>y<i>\u00a0La bella y la bestia\u00a0<\/i>de Clarice Lispector<i>.\u00a0<\/i>Public\u00f3 tambi\u00e9n en diversas revistas acad\u00e9micas nacionales e internacionales. Ha sido editora de literatura y ensayo durante m\u00e1s de quince a\u00f1os en diferentes editoriales y es co-organizadora -junto a Gonzalo Aguilar y Carmen G\u00fciraldes- de \u201cLa hora de Clarice\u201d, Argentina.<\/p>\n<\/div>\n<p>&nbsp;<\/p>\n<p>&nbsp;<\/p>\n<p>&nbsp;<\/p>\n<p><img loading=\"lazy\" decoding=\"async\" class=\"wp-image-307 alignleft\" src=\"http:\/\/blog.richmond.edu\/clarice-lispector\/files\/2020\/12\/Herna\u0301n-Vargas-ilustrador-300x300.jpg\" alt=\"\" width=\"156\" height=\"156\" srcset=\"https:\/\/blog.richmond.edu\/clarice-lispector\/files\/2020\/12\/Herna\u0301n-Vargas-ilustrador-300x300.jpg 300w, https:\/\/blog.richmond.edu\/clarice-lispector\/files\/2020\/12\/Herna\u0301n-Vargas-ilustrador-150x150.jpg 150w, https:\/\/blog.richmond.edu\/clarice-lispector\/files\/2020\/12\/Herna\u0301n-Vargas-ilustrador-250x250.jpg 250w, https:\/\/blog.richmond.edu\/clarice-lispector\/files\/2020\/12\/Herna\u0301n-Vargas-ilustrador-174x174.jpg 174w, https:\/\/blog.richmond.edu\/clarice-lispector\/files\/2020\/12\/Herna\u0301n-Vargas-ilustrador.jpg 512w\" sizes=\"auto, (max-width: 156px) 100vw, 156px\" \/><\/p>\n<div><\/div>\n<div><strong>Hern\u00e1n Vargas<\/strong> es dise\u00f1ador gr\u00e1fico por la Universidad de Buenos Aires e ilustrador. Trabaj\u00f3 en Grupo Editorial Norma a cargo de colecciones de literatura, ensayo e infantil y juvenil. Ha realizado ilustraciones para libros y para la revistas\u00a0<i>Anfibia\u00a0<\/i>y\u00a0<i>PIN<\/i>,\u00a0entre otras. Actualmente se encarga de la direcci\u00f3n de arte e ilustraciones de\u00a0<i>Caras y Caretas.\u00a0<\/i>Hern\u00e1n es el autor de nuestro collage de portada y logo.<span style=\"color: #888888;\"><br \/>\n<\/span><\/div>\n<div><\/div>\n<p>&nbsp;<\/p>\n<p>&nbsp;<\/p>\n<p><img loading=\"lazy\" decoding=\"async\" class=\"alignright wp-image-306 \" src=\"http:\/\/blog.richmond.edu\/clarice-lispector\/files\/2020\/12\/570FA9F0-1456-40CB-B285-8F516675AA21.jpeg\" alt=\"\" width=\"186\" height=\"232\" srcset=\"https:\/\/blog.richmond.edu\/clarice-lispector\/files\/2020\/12\/570FA9F0-1456-40CB-B285-8F516675AA21.jpeg 1515w, https:\/\/blog.richmond.edu\/clarice-lispector\/files\/2020\/12\/570FA9F0-1456-40CB-B285-8F516675AA21-240x300.jpeg 240w, https:\/\/blog.richmond.edu\/clarice-lispector\/files\/2020\/12\/570FA9F0-1456-40CB-B285-8F516675AA21-768x959.jpeg 768w, https:\/\/blog.richmond.edu\/clarice-lispector\/files\/2020\/12\/570FA9F0-1456-40CB-B285-8F516675AA21-820x1024.jpeg 820w\" sizes=\"auto, (max-width: 186px) 100vw, 186px\" \/><\/p>\n<p>&nbsp;<\/p>\n<p>&nbsp;<\/p>\n<p class=\"p1\" style=\"text-align: right;\"><strong>Laura P\u00e9rez<\/strong> es graduada de la Universidad de Richmond con especializaci\u00f3n en Ciencias Pol\u00edticas y Estudios Latinoamericanos. Nacida en Anzo\u00e1tegui, Venezuela, ella tiene una profunda conexi\u00f3n con la regi\u00f3n, especialmente Chile, donde estudi\u00f3 Cultura y Pol\u00edticas P\u00fablicas. Como alumna de Mariela M\u00e9ndez, Laura ha tenido el placer de ayudar con la creaci\u00f3n de nuestra p\u00e1gina web.<\/p>\n<div class=\"gmail_quote\"><\/div>\n","protected":false},"excerpt":{"rendered":"<p>Mariela M\u00e9ndez\u00a0es Profesora Asociada y Jefa del Departamento de Latin American, Latino &amp; Iberian Studies y Profesora Asociada de Women, Gender &amp; Sexuality Studies en la Universidad de Richmond. Es la autora del libro\u00a0Cr\u00f3nicas travestis: El periodismo transgresor de Alfonsina Storni, Clarice Lispector y Mar\u00eda Moreno\u00a0(Argentina: Beatriz Viterbo, 2017), ganador del Premio Victoria Urbano a <a href=\"https:\/\/blog.richmond.edu\/clarice-lispector\/sobre-nosotrxs\/\" rel=\"nofollow\"><span class=\"sr-only\">Read more about Sobre Nosotrxs<\/span>[&#8230;]<\/a><\/p>\n","protected":false},"author":3560,"featured_media":0,"parent":0,"menu_order":0,"comment_status":"closed","ping_status":"closed","template":"","meta":{"footnotes":""},"coauthors":[163343],"class_list":["post-56","page","type-page","status-publish","hentry"],"_links":{"self":[{"href":"https:\/\/blog.richmond.edu\/clarice-lispector\/wp-json\/wp\/v2\/pages\/56","targetHints":{"allow":["GET"]}}],"collection":[{"href":"https:\/\/blog.richmond.edu\/clarice-lispector\/wp-json\/wp\/v2\/pages"}],"about":[{"href":"https:\/\/blog.richmond.edu\/clarice-lispector\/wp-json\/wp\/v2\/types\/page"}],"author":[{"embeddable":true,"href":"https:\/\/blog.richmond.edu\/clarice-lispector\/wp-json\/wp\/v2\/users\/3560"}],"replies":[{"embeddable":true,"href":"https:\/\/blog.richmond.edu\/clarice-lispector\/wp-json\/wp\/v2\/comments?post=56"}],"version-history":[{"count":11,"href":"https:\/\/blog.richmond.edu\/clarice-lispector\/wp-json\/wp\/v2\/pages\/56\/revisions"}],"predecessor-version":[{"id":447,"href":"https:\/\/blog.richmond.edu\/clarice-lispector\/wp-json\/wp\/v2\/pages\/56\/revisions\/447"}],"wp:attachment":[{"href":"https:\/\/blog.richmond.edu\/clarice-lispector\/wp-json\/wp\/v2\/media?parent=56"}],"wp:term":[{"taxonomy":"author","embeddable":true,"href":"https:\/\/blog.richmond.edu\/clarice-lispector\/wp-json\/wp\/v2\/coauthors?post=56"}],"curies":[{"name":"wp","href":"https:\/\/api.w.org\/{rel}","templated":true}]}}