{"id":483,"date":"2021-06-01T17:21:07","date_gmt":"2021-06-01T21:21:07","guid":{"rendered":"https:\/\/blog.richmond.edu\/clarice-lispector\/?page_id=483"},"modified":"2021-06-01T17:24:56","modified_gmt":"2021-06-01T21:24:56","slug":"mariela-herrero","status":"publish","type":"page","link":"https:\/\/blog.richmond.edu\/clarice-lispector\/mariela-herrero\/","title":{"rendered":"Mariela Herrero"},"content":{"rendered":"<p><img loading=\"lazy\" decoding=\"async\" class=\"wp-image-484 alignleft\" src=\"http:\/\/blog.richmond.edu\/clarice-lispector\/files\/2021\/06\/mariela-herrero-.png\" alt=\"\" width=\"220\" height=\"220\" srcset=\"https:\/\/blog.richmond.edu\/clarice-lispector\/files\/2021\/06\/mariela-herrero-.png 200w, https:\/\/blog.richmond.edu\/clarice-lispector\/files\/2021\/06\/mariela-herrero--150x150.png 150w, https:\/\/blog.richmond.edu\/clarice-lispector\/files\/2021\/06\/mariela-herrero--174x174.png 174w\" sizes=\"auto, (max-width: 220px) 100vw, 220px\" \/><\/p>\n<p style=\"text-align: left;\"><span style=\"font-weight: 400;\">Mariela Herrero (1983) es Licenciada en Letras por la Facultad de Humanidades y Artes de la Universidad Nacional de Rosario. Actualmente desarrolla un proyecto de investigaci\u00f3n titulado &#8220;Est\u00e9ticas de la errancia. Literatura y arte contempor\u00e1neo latinoamericanos po\u00e9ticas de la proximidad&#8221;. Se desempe\u00f1a adem\u00e1s, como Auxiliar de Primera Categor\u00eda en la C\u00e1tedra Literatura Argentina I de la Carrera de Letras y es Jefa de Trabajos Pr\u00e1cticos en la C\u00e1tedra Pensamiento y Cultura Contempor\u00e1nea de la Carrera Gesti\u00f3n Cultural, ambas de la Facultad de Humanidades y Artes de Rosario (UNR) . Ha participado en Congresos, Jornadas, Reuniones Cient\u00edficas y Festivales afines y ha publicado art\u00edculos en revistas especializadas; los mismos pueden consultarse en el siguiente enlace: <\/span><a href=\"https:\/\/bdp.academia.edu\/MarielaHerrero\"><span style=\"font-weight: 400;\">https:\/\/bdp.academia.edu\/MarielaHerrero<\/span><\/a><\/p>\n","protected":false},"excerpt":{"rendered":"<p>Mariela Herrero (1983) es Licenciada en Letras por la Facultad de Humanidades y Artes de la Universidad Nacional de Rosario. Actualmente desarrolla un proyecto de investigaci\u00f3n titulado &#8220;Est\u00e9ticas de la errancia. Literatura y arte contempor\u00e1neo latinoamericanos po\u00e9ticas de la proximidad&#8221;. Se desempe\u00f1a adem\u00e1s, como Auxiliar de Primera Categor\u00eda en la C\u00e1tedra Literatura Argentina I de <a href=\"https:\/\/blog.richmond.edu\/clarice-lispector\/mariela-herrero\/\" rel=\"nofollow\"><span class=\"sr-only\">Read more about Mariela Herrero<\/span>[&#8230;]<\/a><\/p>\n","protected":false},"author":3560,"featured_media":0,"parent":0,"menu_order":0,"comment_status":"closed","ping_status":"closed","template":"","meta":{"footnotes":""},"coauthors":[163343],"class_list":["post-483","page","type-page","status-publish","hentry"],"_links":{"self":[{"href":"https:\/\/blog.richmond.edu\/clarice-lispector\/wp-json\/wp\/v2\/pages\/483","targetHints":{"allow":["GET"]}}],"collection":[{"href":"https:\/\/blog.richmond.edu\/clarice-lispector\/wp-json\/wp\/v2\/pages"}],"about":[{"href":"https:\/\/blog.richmond.edu\/clarice-lispector\/wp-json\/wp\/v2\/types\/page"}],"author":[{"embeddable":true,"href":"https:\/\/blog.richmond.edu\/clarice-lispector\/wp-json\/wp\/v2\/users\/3560"}],"replies":[{"embeddable":true,"href":"https:\/\/blog.richmond.edu\/clarice-lispector\/wp-json\/wp\/v2\/comments?post=483"}],"version-history":[{"count":3,"href":"https:\/\/blog.richmond.edu\/clarice-lispector\/wp-json\/wp\/v2\/pages\/483\/revisions"}],"predecessor-version":[{"id":489,"href":"https:\/\/blog.richmond.edu\/clarice-lispector\/wp-json\/wp\/v2\/pages\/483\/revisions\/489"}],"wp:attachment":[{"href":"https:\/\/blog.richmond.edu\/clarice-lispector\/wp-json\/wp\/v2\/media?parent=483"}],"wp:term":[{"taxonomy":"author","embeddable":true,"href":"https:\/\/blog.richmond.edu\/clarice-lispector\/wp-json\/wp\/v2\/coauthors?post=483"}],"curies":[{"name":"wp","href":"https:\/\/api.w.org\/{rel}","templated":true}]}}