{"id":478,"date":"2021-06-01T17:18:33","date_gmt":"2021-06-01T21:18:33","guid":{"rendered":"https:\/\/blog.richmond.edu\/clarice-lispector\/?page_id=478"},"modified":"2021-06-01T17:18:33","modified_gmt":"2021-06-01T21:18:33","slug":"paula-abramo","status":"publish","type":"page","link":"https:\/\/blog.richmond.edu\/clarice-lispector\/paula-abramo\/","title":{"rendered":"Paula Abramo"},"content":{"rendered":"<p><span style=\"font-weight: 400;\"><img loading=\"lazy\" decoding=\"async\" class=\"alignleft wp-image-479\" src=\"http:\/\/blog.richmond.edu\/clarice-lispector\/files\/2021\/05\/Paula-.png\" alt=\"\" width=\"220\" height=\"220\" srcset=\"https:\/\/blog.richmond.edu\/clarice-lispector\/files\/2021\/05\/Paula-.png 500w, https:\/\/blog.richmond.edu\/clarice-lispector\/files\/2021\/05\/Paula--300x300.png 300w, https:\/\/blog.richmond.edu\/clarice-lispector\/files\/2021\/05\/Paula--150x150.png 150w, https:\/\/blog.richmond.edu\/clarice-lispector\/files\/2021\/05\/Paula--250x250.png 250w, https:\/\/blog.richmond.edu\/clarice-lispector\/files\/2021\/05\/Paula--174x174.png 174w\" sizes=\"auto, (max-width: 220px) 100vw, 220px\" \/> Abramo naci\u00f3 en la Ciudad de M\u00e9xico, en 1980. Es poeta y traductora. Licenciada y Magister en Letras Cl\u00e1sicas por la UNAM, fue traductora residente en el BILTC (Banff Centre, 2017), y colabor\u00f3 para publicaciones como <\/span><i><span style=\"font-weight: 400;\">Revista de la Universidad de M\u00e9xico<\/span><\/i><span style=\"font-weight: 400;\"> y <\/span><i><span style=\"font-weight: 400;\">Tierra Adentro<\/span><\/i><span style=\"font-weight: 400;\">. Obtuvo el premio de Poes\u00eda Joaqu\u00edn Xirau Icaza 2013 por su libro <\/span><i><span style=\"font-weight: 400;\">Fiat lux. <\/span><\/i><span style=\"font-weight: 400;\">Ha traducido a numerosos escritores de lengua portuguesa. Por su trabajo con <\/span><i><span style=\"font-weight: 400;\">Una ni\u00f1a est\u00e1 perdida en su siglo en busca de su padre<\/span><\/i><span style=\"font-weight: 400;\">, de Gon\u00e7alo M. Tavares, obtuvo el premio Bellas Artes de Traducci\u00f3n Literaria Margarita Michellena 2019. Ha traducido <\/span><i><span style=\"font-weight: 400;\">Cuentos completos<\/span><\/i><span style=\"font-weight: 400;\"> de Clarice Lispector, publicados a fin de 2020 por Fondo de Cultura Econ\u00f3mica.<\/span><\/p>\n","protected":false},"excerpt":{"rendered":"<p>Abramo naci\u00f3 en la Ciudad de M\u00e9xico, en 1980. Es poeta y traductora. Licenciada y Magister en Letras Cl\u00e1sicas por la UNAM, fue traductora residente en el BILTC (Banff Centre, 2017), y colabor\u00f3 para publicaciones como Revista de la Universidad de M\u00e9xico y Tierra Adentro. Obtuvo el premio de Poes\u00eda Joaqu\u00edn Xirau Icaza 2013 por <a href=\"https:\/\/blog.richmond.edu\/clarice-lispector\/paula-abramo\/\" rel=\"nofollow\"><span class=\"sr-only\">Read more about Paula Abramo<\/span>[&#8230;]<\/a><\/p>\n","protected":false},"author":3560,"featured_media":0,"parent":0,"menu_order":0,"comment_status":"closed","ping_status":"closed","template":"","meta":{"footnotes":""},"coauthors":[163343],"class_list":["post-478","page","type-page","status-publish","hentry"],"_links":{"self":[{"href":"https:\/\/blog.richmond.edu\/clarice-lispector\/wp-json\/wp\/v2\/pages\/478","targetHints":{"allow":["GET"]}}],"collection":[{"href":"https:\/\/blog.richmond.edu\/clarice-lispector\/wp-json\/wp\/v2\/pages"}],"about":[{"href":"https:\/\/blog.richmond.edu\/clarice-lispector\/wp-json\/wp\/v2\/types\/page"}],"author":[{"embeddable":true,"href":"https:\/\/blog.richmond.edu\/clarice-lispector\/wp-json\/wp\/v2\/users\/3560"}],"replies":[{"embeddable":true,"href":"https:\/\/blog.richmond.edu\/clarice-lispector\/wp-json\/wp\/v2\/comments?post=478"}],"version-history":[{"count":2,"href":"https:\/\/blog.richmond.edu\/clarice-lispector\/wp-json\/wp\/v2\/pages\/478\/revisions"}],"predecessor-version":[{"id":481,"href":"https:\/\/blog.richmond.edu\/clarice-lispector\/wp-json\/wp\/v2\/pages\/478\/revisions\/481"}],"wp:attachment":[{"href":"https:\/\/blog.richmond.edu\/clarice-lispector\/wp-json\/wp\/v2\/media?parent=478"}],"wp:term":[{"taxonomy":"author","embeddable":true,"href":"https:\/\/blog.richmond.edu\/clarice-lispector\/wp-json\/wp\/v2\/coauthors?post=478"}],"curies":[{"name":"wp","href":"https:\/\/api.w.org\/{rel}","templated":true}]}}