{"id":461,"date":"2021-05-06T18:59:31","date_gmt":"2021-05-06T22:59:31","guid":{"rendered":"http:\/\/blog.richmond.edu\/clarice-lispector\/?page_id=461"},"modified":"2021-05-06T18:59:31","modified_gmt":"2021-05-06T22:59:31","slug":"barbara-belloc","status":"publish","type":"page","link":"https:\/\/blog.richmond.edu\/clarice-lispector\/barbara-belloc\/","title":{"rendered":"B\u00e1rbara Belloc"},"content":{"rendered":"<p><img loading=\"lazy\" decoding=\"async\" class=\" wp-image-242 alignleft\" src=\"http:\/\/blog.richmond.edu\/clarice-lispector\/files\/2020\/12\/Image-2-e1620341950489.jpg\" alt=\"\" width=\"327\" height=\"250\" srcset=\"https:\/\/blog.richmond.edu\/clarice-lispector\/files\/2020\/12\/Image-2-e1620341950489.jpg 1845w, https:\/\/blog.richmond.edu\/clarice-lispector\/files\/2020\/12\/Image-2-e1620341950489-300x229.jpg 300w, https:\/\/blog.richmond.edu\/clarice-lispector\/files\/2020\/12\/Image-2-e1620341950489-768x587.jpg 768w, https:\/\/blog.richmond.edu\/clarice-lispector\/files\/2020\/12\/Image-2-e1620341950489-1024x783.jpg 1024w\" sizes=\"auto, (max-width: 327px) 100vw, 327px\" \/>B\u00e1rbara Belloc <span style=\"font-weight: 400;\">naci\u00f3 en Buenos Aires, Argentina. Es poeta y traductora. Como poeta public\u00f3 <\/span><i><span style=\"font-weight: 400;\">Bla<\/span><\/i><span style=\"font-weight: 400;\"> (1992), <\/span><i><span style=\"font-weight: 400;\">Sentimental Journey<\/span><\/i><span style=\"font-weight: 400;\"> (1995), <\/span><i><span style=\"font-weight: 400;\">Ambici\u00f3n de las flores<\/span><\/i><span style=\"font-weight: 400;\"> (1997), <\/span><i><span style=\"font-weight: 400;\">Ira<\/span><\/i><span style=\"font-weight: 400;\"> (1999), Orang-utans (2000, con la poeta Teresa Arij\u00f3n y traducci\u00f3n al ingl\u00e9s de Hillary Gardner), <\/span><i><span style=\"font-weight: 400;\">Espantasuegras<\/span><\/i><span style=\"font-weight: 400;\"> (2005), <\/span><i><span style=\"font-weight: 400;\">Andinista<\/span><\/i><span style=\"font-weight: 400;\"> (2009) y <\/span><i><span style=\"font-weight: 400;\">Post Res Perditas<\/span><\/i><span style=\"font-weight: 400;\"> (2012). <\/span><span style=\"font-weight: 400;\">Codirige, con Teresa Arij\u00f3n, la colecci\u00f3n de ensayos de artistas latinoamericanos <\/span><i><span style=\"font-weight: 400;\">Nomadismos<\/span><\/i><span style=\"font-weight: 400;\">, que se publica en Buenos Aires, Cuenca y R\u00edo de Janeiro<\/span><\/p>\n<p><span style=\"font-weight: 400;\">Como traductora, edit\u00f3 el corpus \u00edntegro de Safo, H\u00e9lio Oiticica, poemas de Gary Snyder, Chus Pato y Ana Cristina C\u00e9sar, entre otros. De Clarice Lispector, tradujo junto a Teresa Arij\u00f3n: <\/span><i><span style=\"font-weight: 400;\">Felicidad Clandestina<\/span><\/i><span style=\"font-weight: 400;\">, <\/span><i><span style=\"font-weight: 400;\">Cerca del coraz\u00f3n salvaje<\/span><\/i><span style=\"font-weight: 400;\"> (2011), <\/span><i><span style=\"font-weight: 400;\">D\u00f3nde estuviste de noche<\/span><\/i><span style=\"font-weight: 400;\"> y <\/span><i><span style=\"font-weight: 400;\">La manzana en lo oscuro<\/span><\/i><span style=\"font-weight: 400;\"> (2012).<\/span><\/p>\n","protected":false},"excerpt":{"rendered":"<p>B\u00e1rbara Belloc naci\u00f3 en Buenos Aires, Argentina. Es poeta y traductora. Como poeta public\u00f3 Bla (1992), Sentimental Journey (1995), Ambici\u00f3n de las flores (1997), Ira (1999), Orang-utans (2000, con la poeta Teresa Arij\u00f3n y traducci\u00f3n al ingl\u00e9s de Hillary Gardner), Espantasuegras (2005), Andinista (2009) y Post Res Perditas (2012). Codirige, con Teresa Arij\u00f3n, la colecci\u00f3n <a href=\"https:\/\/blog.richmond.edu\/clarice-lispector\/barbara-belloc\/\" rel=\"nofollow\"><span class=\"sr-only\">Read more about B\u00e1rbara Belloc<\/span>[&#8230;]<\/a><\/p>\n","protected":false},"author":3560,"featured_media":0,"parent":0,"menu_order":0,"comment_status":"closed","ping_status":"closed","template":"","meta":{"footnotes":""},"coauthors":[163343],"class_list":["post-461","page","type-page","status-publish","hentry"],"_links":{"self":[{"href":"https:\/\/blog.richmond.edu\/clarice-lispector\/wp-json\/wp\/v2\/pages\/461","targetHints":{"allow":["GET"]}}],"collection":[{"href":"https:\/\/blog.richmond.edu\/clarice-lispector\/wp-json\/wp\/v2\/pages"}],"about":[{"href":"https:\/\/blog.richmond.edu\/clarice-lispector\/wp-json\/wp\/v2\/types\/page"}],"author":[{"embeddable":true,"href":"https:\/\/blog.richmond.edu\/clarice-lispector\/wp-json\/wp\/v2\/users\/3560"}],"replies":[{"embeddable":true,"href":"https:\/\/blog.richmond.edu\/clarice-lispector\/wp-json\/wp\/v2\/comments?post=461"}],"version-history":[{"count":1,"href":"https:\/\/blog.richmond.edu\/clarice-lispector\/wp-json\/wp\/v2\/pages\/461\/revisions"}],"predecessor-version":[{"id":463,"href":"https:\/\/blog.richmond.edu\/clarice-lispector\/wp-json\/wp\/v2\/pages\/461\/revisions\/463"}],"wp:attachment":[{"href":"https:\/\/blog.richmond.edu\/clarice-lispector\/wp-json\/wp\/v2\/media?parent=461"}],"wp:term":[{"taxonomy":"author","embeddable":true,"href":"https:\/\/blog.richmond.edu\/clarice-lispector\/wp-json\/wp\/v2\/coauthors?post=461"}],"curies":[{"name":"wp","href":"https:\/\/api.w.org\/{rel}","templated":true}]}}