{"id":455,"date":"2021-05-06T18:53:47","date_gmt":"2021-05-06T22:53:47","guid":{"rendered":"http:\/\/blog.richmond.edu\/clarice-lispector\/?page_id=455"},"modified":"2021-05-06T18:53:47","modified_gmt":"2021-05-06T22:53:47","slug":"juan-garcia-gayo","status":"publish","type":"page","link":"https:\/\/blog.richmond.edu\/clarice-lispector\/juan-garcia-gayo\/","title":{"rendered":"Juan Garc\u00eda Gayo"},"content":{"rendered":"<p><span style=\"font-weight: 400;\"><img loading=\"lazy\" decoding=\"async\" class=\" wp-image-343 alignleft\" src=\"http:\/\/blog.richmond.edu\/clarice-lispector\/files\/2020\/12\/Image-6-2-e1620341577988.jpg\" alt=\"\" width=\"179\" height=\"222\" srcset=\"https:\/\/blog.richmond.edu\/clarice-lispector\/files\/2020\/12\/Image-6-2-e1620341577988.jpg 682w, https:\/\/blog.richmond.edu\/clarice-lispector\/files\/2020\/12\/Image-6-2-e1620341577988-242x300.jpg 242w\" sizes=\"auto, (max-width: 179px) 100vw, 179px\" \/> Juan Garc\u00eda Gayo naci\u00f3 en Buenos Aires en 1932. Poeta, traductor y periodista. Public\u00f3 entre otros t\u00edtulos <\/span><i><span style=\"font-weight: 400;\">De emblemas y Viajeros<\/span><\/i><span style=\"font-weight: 400;\"> (1966);\u00a0 <\/span><i><span style=\"font-weight: 400;\">Jard\u00edn Bot\u00e1nico<\/span><\/i><span style=\"font-weight: 400;\"> (1968, Premio Fondo Nacional de las Artes); <\/span><i><span style=\"font-weight: 400;\">Blue Lines<\/span><\/i><span style=\"font-weight: 400;\"> (2000, Premio Municipal de Poes\u00eda). Ha traducido a Emily Dickinson, Stephen Spender, Edwin Muir, Fernando Pessoa y Adelia Prado, entre otras voces de la poes\u00eda universal. De Clarice Lispector, tradujo <\/span><i><span style=\"font-weight: 400;\">La pasi\u00f3n seg\u00fan G.H.<\/span><\/i><span style=\"font-weight: 400;\"> en colaboraci\u00f3n con su mujer, Inosha, de origen brasile\u00f1o. Fue la primera traducci\u00f3n de un texto de Lispector al espa\u00f1ol y fue publicado por la editorial venezolana Monte \u00c1vila en 1969.<\/span><\/p>\n","protected":false},"excerpt":{"rendered":"<p>Juan Garc\u00eda Gayo naci\u00f3 en Buenos Aires en 1932. Poeta, traductor y periodista. Public\u00f3 entre otros t\u00edtulos De emblemas y Viajeros (1966);\u00a0 Jard\u00edn Bot\u00e1nico (1968, Premio Fondo Nacional de las Artes); Blue Lines (2000, Premio Municipal de Poes\u00eda). Ha traducido a Emily Dickinson, Stephen Spender, Edwin Muir, Fernando Pessoa y Adelia Prado, entre otras voces <a href=\"https:\/\/blog.richmond.edu\/clarice-lispector\/juan-garcia-gayo\/\" rel=\"nofollow\"><span class=\"sr-only\">Read more about Juan Garc\u00eda Gayo<\/span>[&#8230;]<\/a><\/p>\n","protected":false},"author":3560,"featured_media":0,"parent":0,"menu_order":0,"comment_status":"closed","ping_status":"closed","template":"","meta":{"footnotes":""},"coauthors":[163343],"class_list":["post-455","page","type-page","status-publish","hentry"],"_links":{"self":[{"href":"https:\/\/blog.richmond.edu\/clarice-lispector\/wp-json\/wp\/v2\/pages\/455","targetHints":{"allow":["GET"]}}],"collection":[{"href":"https:\/\/blog.richmond.edu\/clarice-lispector\/wp-json\/wp\/v2\/pages"}],"about":[{"href":"https:\/\/blog.richmond.edu\/clarice-lispector\/wp-json\/wp\/v2\/types\/page"}],"author":[{"embeddable":true,"href":"https:\/\/blog.richmond.edu\/clarice-lispector\/wp-json\/wp\/v2\/users\/3560"}],"replies":[{"embeddable":true,"href":"https:\/\/blog.richmond.edu\/clarice-lispector\/wp-json\/wp\/v2\/comments?post=455"}],"version-history":[{"count":1,"href":"https:\/\/blog.richmond.edu\/clarice-lispector\/wp-json\/wp\/v2\/pages\/455\/revisions"}],"predecessor-version":[{"id":457,"href":"https:\/\/blog.richmond.edu\/clarice-lispector\/wp-json\/wp\/v2\/pages\/455\/revisions\/457"}],"wp:attachment":[{"href":"https:\/\/blog.richmond.edu\/clarice-lispector\/wp-json\/wp\/v2\/media?parent=455"}],"wp:term":[{"taxonomy":"author","embeddable":true,"href":"https:\/\/blog.richmond.edu\/clarice-lispector\/wp-json\/wp\/v2\/coauthors?post=455"}],"curies":[{"name":"wp","href":"https:\/\/api.w.org\/{rel}","templated":true}]}}