{"id":431,"date":"2020-12-10T00:53:43","date_gmt":"2020-12-10T05:53:43","guid":{"rendered":"http:\/\/blog.richmond.edu\/clarice-lispector\/?page_id=431"},"modified":"2020-12-10T08:55:12","modified_gmt":"2020-12-10T13:55:12","slug":"criticxs","status":"publish","type":"page","link":"https:\/\/blog.richmond.edu\/clarice-lispector\/criticxs\/","title":{"rendered":"Cr\u00edticxs"},"content":{"rendered":"<p>Laura Cabezas<\/p>\n<p>Eleonora Cr\u00f3quer Pedr\u00f3n<\/p>\n<p>Florencia Garramu\u00f1o<\/p>\n<p>Grisselle Merdec Hern\u00e1ndez<\/p>\n<p>Gonzalo Aguilar<\/p>\n<p>Mario C\u00e1mara<\/p>\n<p>Magdalena Edwards<\/p>\n<p>Rosario Hubert<\/p>\n<p>Paloma Vidal<\/p>\n<p>Macarena Mallea<\/p>\n<p>M\u00e1rgara Russotto<\/p>\n<p>Alejandra Josiowicz<\/p>\n<p>Gabriel Giorgi<\/p>\n<p>Ra\u00fal Antelo<\/p>\n<p>Daniel Link<\/p>\n<p>Montserrat Ord\u00f3\u00f1ez<\/p>\n<p>Luz Horne<\/p>\n<p>Roci\u0301o Picho\u0301n Rivie\u0300re<\/p>\n","protected":false},"excerpt":{"rendered":"<p>Laura Cabezas Eleonora Cr\u00f3quer Pedr\u00f3n Florencia Garramu\u00f1o Grisselle Merdec Hern\u00e1ndez Gonzalo Aguilar Mario C\u00e1mara Magdalena Edwards Rosario Hubert Paloma Vidal Macarena Mallea M\u00e1rgara Russotto Alejandra Josiowicz Gabriel Giorgi Ra\u00fal Antelo Daniel Link Montserrat Ord\u00f3\u00f1ez Luz Horne Roci\u0301o Picho\u0301n Rivie\u0300re<\/p>\n","protected":false},"author":3560,"featured_media":0,"parent":0,"menu_order":0,"comment_status":"closed","ping_status":"closed","template":"","meta":{"footnotes":""},"coauthors":[163343],"class_list":["post-431","page","type-page","status-publish","hentry"],"_links":{"self":[{"href":"https:\/\/blog.richmond.edu\/clarice-lispector\/wp-json\/wp\/v2\/pages\/431","targetHints":{"allow":["GET"]}}],"collection":[{"href":"https:\/\/blog.richmond.edu\/clarice-lispector\/wp-json\/wp\/v2\/pages"}],"about":[{"href":"https:\/\/blog.richmond.edu\/clarice-lispector\/wp-json\/wp\/v2\/types\/page"}],"author":[{"embeddable":true,"href":"https:\/\/blog.richmond.edu\/clarice-lispector\/wp-json\/wp\/v2\/users\/3560"}],"replies":[{"embeddable":true,"href":"https:\/\/blog.richmond.edu\/clarice-lispector\/wp-json\/wp\/v2\/comments?post=431"}],"version-history":[{"count":2,"href":"https:\/\/blog.richmond.edu\/clarice-lispector\/wp-json\/wp\/v2\/pages\/431\/revisions"}],"predecessor-version":[{"id":445,"href":"https:\/\/blog.richmond.edu\/clarice-lispector\/wp-json\/wp\/v2\/pages\/431\/revisions\/445"}],"wp:attachment":[{"href":"https:\/\/blog.richmond.edu\/clarice-lispector\/wp-json\/wp\/v2\/media?parent=431"}],"wp:term":[{"taxonomy":"author","embeddable":true,"href":"https:\/\/blog.richmond.edu\/clarice-lispector\/wp-json\/wp\/v2\/coauthors?post=431"}],"curies":[{"name":"wp","href":"https:\/\/api.w.org\/{rel}","templated":true}]}}