{"id":408,"date":"2020-12-10T00:34:15","date_gmt":"2020-12-10T05:34:15","guid":{"rendered":"http:\/\/blog.richmond.edu\/clarice-lispector\/?page_id=408"},"modified":"2020-12-10T08:55:54","modified_gmt":"2020-12-10T13:55:54","slug":"editorxs","status":"publish","type":"page","link":"https:\/\/blog.richmond.edu\/clarice-lispector\/editorxs\/","title":{"rendered":"Editorxs"},"content":{"rendered":"<p><span style=\"font-weight: 400;\">Francisco Porr\u00faa<\/span><\/p>\n<p><span style=\"font-weight: 400;\">Manuel Pamp\u00edn<\/span><\/p>\n<p><span style=\"font-weight: 400;\">Mar\u00eda Fernanda Pamp\u00edn<\/span><\/p>\n<p>Adriana Hidalgo<\/p>\n<p>Fabia\u0301n Lebenglik<\/p>\n<p>Edgardo Russo<\/p>\n","protected":false},"excerpt":{"rendered":"<p>Francisco Porr\u00faa Manuel Pamp\u00edn Mar\u00eda Fernanda Pamp\u00edn Adriana Hidalgo Fabia\u0301n Lebenglik Edgardo Russo<\/p>\n","protected":false},"author":3560,"featured_media":0,"parent":0,"menu_order":0,"comment_status":"closed","ping_status":"closed","template":"","meta":{"footnotes":""},"coauthors":[163343],"class_list":["post-408","page","type-page","status-publish","hentry"],"_links":{"self":[{"href":"https:\/\/blog.richmond.edu\/clarice-lispector\/wp-json\/wp\/v2\/pages\/408","targetHints":{"allow":["GET"]}}],"collection":[{"href":"https:\/\/blog.richmond.edu\/clarice-lispector\/wp-json\/wp\/v2\/pages"}],"about":[{"href":"https:\/\/blog.richmond.edu\/clarice-lispector\/wp-json\/wp\/v2\/types\/page"}],"author":[{"embeddable":true,"href":"https:\/\/blog.richmond.edu\/clarice-lispector\/wp-json\/wp\/v2\/users\/3560"}],"replies":[{"embeddable":true,"href":"https:\/\/blog.richmond.edu\/clarice-lispector\/wp-json\/wp\/v2\/comments?post=408"}],"version-history":[{"count":4,"href":"https:\/\/blog.richmond.edu\/clarice-lispector\/wp-json\/wp\/v2\/pages\/408\/revisions"}],"predecessor-version":[{"id":446,"href":"https:\/\/blog.richmond.edu\/clarice-lispector\/wp-json\/wp\/v2\/pages\/408\/revisions\/446"}],"wp:attachment":[{"href":"https:\/\/blog.richmond.edu\/clarice-lispector\/wp-json\/wp\/v2\/media?parent=408"}],"wp:term":[{"taxonomy":"author","embeddable":true,"href":"https:\/\/blog.richmond.edu\/clarice-lispector\/wp-json\/wp\/v2\/coauthors?post=408"}],"curies":[{"name":"wp","href":"https:\/\/api.w.org\/{rel}","templated":true}]}}