{"id":322,"date":"2020-12-09T18:11:58","date_gmt":"2020-12-09T23:11:58","guid":{"rendered":"http:\/\/blog.richmond.edu\/clarice-lispector\/?page_id=322"},"modified":"2020-12-10T00:15:56","modified_gmt":"2020-12-10T05:15:56","slug":"podcasts","status":"publish","type":"page","link":"https:\/\/blog.richmond.edu\/clarice-lispector\/podcasts\/","title":{"rendered":"Podcasts"},"content":{"rendered":"<p><a href=\"https:\/\/open.spotify.com\/show\/3SIi7gQ0EDBPnPxx0tw5Bw?si=uK45TExFTrqBVYaIHTHSEg\"><img loading=\"lazy\" decoding=\"async\" class=\"aligncenter wp-image-382 size-full\" src=\"http:\/\/blog.richmond.edu\/clarice-lispector\/files\/2020\/12\/9.png\" alt=\"\" width=\"2463\" height=\"1002\" srcset=\"https:\/\/blog.richmond.edu\/clarice-lispector\/files\/2020\/12\/9.png 2463w, https:\/\/blog.richmond.edu\/clarice-lispector\/files\/2020\/12\/9-300x122.png 300w, https:\/\/blog.richmond.edu\/clarice-lispector\/files\/2020\/12\/9-768x312.png 768w, https:\/\/blog.richmond.edu\/clarice-lispector\/files\/2020\/12\/9-1024x417.png 1024w\" sizes=\"auto, (max-width: 2463px) 100vw, 2463px\" \/><\/a><\/p>\n<p><a href=\"https:\/\/open.spotify.com\/episode\/5PjwpZafwzpkaiZusfXUmM?si=7yivryPSQHWVQIAeDVmyvQ\" target=\"_blank\" rel=\"noopener\"><span style=\"color: #339966;\">Claudia Darrigrandi lee un fragmento de &#8220;La minera callada&#8221;<span style=\"color: #000000;\">&#8211;<\/span><\/span><\/a>En esta audiolectura la investigadora Claudia Darrigrandi eligi\u00f3 un fragmento de la cr\u00f3nica publicada en Descubrimientos, en traducci\u00f3n de Claudia Solans, publicada por Adriana Hidalgo, Argentina.<\/p>\n<p><a href=\"https:\/\/open.spotify.com\/episode\/50MAo7NufaP4KhKwaEGE5j?si=a9q4pV4LQJGX1T4xVF_LOw\"><span style=\"color: #339966;\">Mariela M\u00e9ndez lee un fragmento de &#8220;\u00bfIntelectual? No.&#8221;<\/span>&#8211;<\/a>En esta audiolectura la investigadora Mariela M\u00e9ndez eligi\u00f3 un fragmento de una de las cr\u00f3nicas compiladas en Revelaci\u00f3n de un mundo, en traducci\u00f3n de Amalia Sato.<\/p>\n<p><span style=\"color: #339966;\"><a style=\"color: #339966;\" href=\"https:\/\/open.spotify.com\/episode\/07vl6Niq2VfifIdEsV3vBT?si=SsqLVswBSR-7s-wjWXbUNg\">Vanesa Guerra lee un fragmento de Agua Viva<\/a><span style=\"color: #000000;\">&#8211;<\/span><\/span> En esta audiolectura la escritora y psicoanalista Vanesa Guerra eligi\u00f3 un fragmento de Agua viva, en traducci\u00f3n de Florencia Garramu\u00f1o.<\/p>\n<p><span style=\"color: #339966;\"><a style=\"color: #339966;\" href=\"https:\/\/open.spotify.com\/episode\/4lDzJiSzG9iOlykQNE4tJ9?si=tCEthKdOSGakdFCNXCibwg\">Rosario Hubert lee un fragmento de Un aprendizaje o el libro de los placeres<\/a><\/span>-En esta audiolectura la investigadora Rosario Hubert eligi\u00f3 un fragmento de su traducci\u00f3n, publicada por Corregidor, Argentina.<\/p>\n<p><a href=\"https:\/\/open.spotify.com\/episode\/4OuobJ18IiN1rthgIxuU5h?si=tK6j5HAdTSWKK5nuMwPaYw\"><span style=\"color: #339966;\">Mart\u00edn de Mauro lee un fragmento de &#8220;Una gallina&#8221;<\/span><\/a>-En esta audiolectura el investigador Mart\u00edn de Mauro eligi\u00f3 un fragmento del cuento &#8220;Una gallina&#8221;, en traducci\u00f3n de Juan Garc\u00eda Gayo.<\/p>\n<p><a href=\"https:\/\/open.spotify.com\/episode\/1LtU6jibzvouZsw4i3JKpc?si=xZu6oaFFTK-JiWsJSQMFjA\"><span style=\"color: #339966;\">Mariela Herrero lee un fragmento de La ara\u00f1a<\/span><\/a>-En esta audiolectura la investigadora Mariela Herrero eligi\u00f3 un fragmento de La ara\u00f1a, en traducci\u00f3n de Hayde\u00e9 Jofre Barroso.<\/p>\n<p><span style=\"color: #339966;\"><a style=\"color: #339966;\" href=\"https:\/\/open.spotify.com\/episode\/49LOs6C59rR5Z9S8U2SLx0?si=PA7RrU9nQ3qmHRgJ7fuRig\">Mariana Docampo lee un fragmento de &#8220;Breve estudio para caballos&#8221;<\/a><\/span>-En esta audiolectura la escritora Mariana Docampo eligi\u00f3 un fragmento de &#8220;Breve estudio para caballos&#8221;, en traducci\u00f3n de Cristina Peri Rossi.<\/p>\n<p><a href=\"https:\/\/open.spotify.com\/episode\/0vwor2qoLZcOmoSDCEIJGp?si=g6bhZAYgT6ePZtdGudDNmQ\"><span style=\"color: #339966;\">Luc\u00eda de Leone lee un fragmento de Correo femenino<\/span><\/a>-En esta audiolectura la investigadora Luc\u00eda de Leone eligi\u00f3 un fragmento de una de las cr\u00f3nicas de Correo femenino, en traducci\u00f3n de Elena Losada.<\/p>\n<p><span style=\"color: #339966;\"><a style=\"color: #339966;\" href=\"https:\/\/open.spotify.com\/episode\/19MlR36AQRPiyOaYgmAflQ?si=BwIqJcLxRrSvNBHD5GXjfw\">Laura Cabezas lee un fragmento de Cerca del coraz\u00f3n salvaje<\/a><\/span>-En esta audiolectura la investigadora Laura Cabezas eligi\u00f3 un fragmento de Cerca del coraz\u00f3n salvaje, en traducci\u00f3n de B\u00e1rbara Belloc y Teresa Arij\u00f3n.<\/p>\n<p><span style=\"color: #339966;\"><a style=\"color: #339966;\" href=\"https:\/\/open.spotify.com\/episode\/6URIa3YjGGcXlppq0CbMNi?si=1_40vnh8RYuZJCe0LRhhxA\">Grisselle Merced Hern\u00e1ndez lee un fragmento de La hora de la estrella<\/a><span style=\"color: #000000;\">&#8211;<\/span><\/span>En esta audiolectura la investigadora Grisselle Merced Hern\u00e1ndez eligi\u00f3 un fragmento de La hora de la estrella, en traducci\u00f3n de Ana Poljak.<\/p>\n<p><span style=\"color: #339966;\"><a style=\"color: #339966;\" href=\"https:\/\/open.spotify.com\/episode\/6vFSoUK1eJEwBLNSTVA85J?si=Fl2NpDbMRiqEduCIpnSkxA\">Gonzalo Aguilar lee un fragmento de La hora de la estrella<\/a><\/span>-En esta audiolectura el investigador Gonzalo Aguilar eligi\u00f3 un fragmento de su traducci\u00f3n, publicada por Corregidor, Argentina.<\/p>\n<p><a href=\"https:\/\/open.spotify.com\/episode\/3kYDuWhQXDFhwoZcwGmuB3?si=0Jnf0X0RQiuniqFdcJrD8g\"><span style=\"color: #339966;\">Gabriel Giorgi lee un fragmento de &#8220;Mineirinho&#8221;<\/span><\/a>-En esta audiolectura el investigador Gabriel Giorgi eligi\u00f3 un fragmento de la cr\u00f3nica &#8220;Mineirinho&#8221;, en traducci\u00f3n de Graciela Y\u00e1\u00f1ez Vicentini.<\/p>\n<p><span style=\"color: #339966;\"><a style=\"color: #339966;\" href=\"https:\/\/open.spotify.com\/episode\/19Ovx07KhKRK9urRr1oxMP?si=rR0q5V5vSjeukO9gnbKlbA\">Florencia Garramu\u00f1o lee un fragmento de Agua Viva<\/a><\/span>-En esta audiolectura la investigadora Florencia Garramu\u00f1o eligi\u00f3 un fragmento de su traducci\u00f3n, recientemente publicada por Corregidor, Argentina.<\/p>\n<p><span style=\"color: #339966;\"><a style=\"color: #339966;\" href=\"https:\/\/open.spotify.com\/episode\/799iqzoqt5wYxaQp9SI4a7\">Gabriela Cabez\u00f3n C\u00e1mara lee un fragmento de La hora de la estrella<\/a><\/span>-En esta audiolectura la escritora Gabriela Cabez\u00f3n C\u00e1mara eligi\u00f3 un fragmento de la novela La hora de la estrella, en traducci\u00f3n de Gonzalo Aguilar, publicada por Corregidor, Argentina.<\/p>\n<p><a href=\"https:\/\/open.spotify.com\/episode\/5cO9vSntK3i18x805OxDOR?si=gVKkNk-lSFSh8CT5J5ExrQ\"><span style=\"color: #339966;\">Constanza Penacini lee un fragmento de D\u00f3nde estuviste anoche<\/span>\u00a0<\/a>-En esta audiolectura la investigadora Constanza Penacini eligi\u00f3 &#8220;Es hacia all\u00e1 que voy&#8221;, en traducci\u00f3n de Teresa Arij\u00f3n y B\u00e1rbara Belloc.<\/p>\n<p><a href=\"https:\/\/open.spotify.com\/episode\/1oFSmVFd9HmCDObIGs3yey?si=SqVyO1RQQGWrz-1eS929eQ\"><span style=\"color: #339966;\">Carmen G\u00fciraldes lee un fragmento de Revelaci\u00f3n de un mundo<\/span>&#8211;<\/a>En esta audiolectura Carmen G\u00fciraldes eligi\u00f3 &#8220;Ba\u00f1os de mar&#8221;, en traducci\u00f3n de Amalia Sato.<\/p>\n<p><a href=\"https:\/\/open.spotify.com\/episode\/1dZjTqssnYZgCzTcfPgfnA\"><span style=\"color: #339966;\">Marina Quesada lee fragmentos de Revelaci\u00f3n de un mundo<\/span>&#8211;<\/a>En esta audiolectura la performer, core\u00f3grafa y docente Marina Quesada eligi\u00f3 algunos fragmentos de Revelaci\u00f3n de un mundo, en traducci\u00f3n de Amalia Sato.<\/p>\n","protected":false},"excerpt":{"rendered":"<p>Claudia Darrigrandi lee un fragmento de &#8220;La minera callada&#8221;&#8211;En esta audiolectura la investigadora Claudia Darrigrandi eligi\u00f3 un fragmento de la cr\u00f3nica publicada en Descubrimientos, en traducci\u00f3n de Claudia Solans, publicada por Adriana Hidalgo, Argentina. Mariela M\u00e9ndez lee un fragmento de &#8220;\u00bfIntelectual? No.&#8221;&#8211;En esta audiolectura la investigadora Mariela M\u00e9ndez eligi\u00f3 un fragmento de una de las <a href=\"https:\/\/blog.richmond.edu\/clarice-lispector\/podcasts\/\" rel=\"nofollow\"><span class=\"sr-only\">Read more about Podcasts<\/span>[&#8230;]<\/a><\/p>\n","protected":false},"author":3560,"featured_media":0,"parent":0,"menu_order":0,"comment_status":"closed","ping_status":"closed","template":"","meta":{"footnotes":""},"coauthors":[163343],"class_list":["post-322","page","type-page","status-publish","hentry"],"_links":{"self":[{"href":"https:\/\/blog.richmond.edu\/clarice-lispector\/wp-json\/wp\/v2\/pages\/322","targetHints":{"allow":["GET"]}}],"collection":[{"href":"https:\/\/blog.richmond.edu\/clarice-lispector\/wp-json\/wp\/v2\/pages"}],"about":[{"href":"https:\/\/blog.richmond.edu\/clarice-lispector\/wp-json\/wp\/v2\/types\/page"}],"author":[{"embeddable":true,"href":"https:\/\/blog.richmond.edu\/clarice-lispector\/wp-json\/wp\/v2\/users\/3560"}],"replies":[{"embeddable":true,"href":"https:\/\/blog.richmond.edu\/clarice-lispector\/wp-json\/wp\/v2\/comments?post=322"}],"version-history":[{"count":15,"href":"https:\/\/blog.richmond.edu\/clarice-lispector\/wp-json\/wp\/v2\/pages\/322\/revisions"}],"predecessor-version":[{"id":393,"href":"https:\/\/blog.richmond.edu\/clarice-lispector\/wp-json\/wp\/v2\/pages\/322\/revisions\/393"}],"wp:attachment":[{"href":"https:\/\/blog.richmond.edu\/clarice-lispector\/wp-json\/wp\/v2\/media?parent=322"}],"wp:term":[{"taxonomy":"author","embeddable":true,"href":"https:\/\/blog.richmond.edu\/clarice-lispector\/wp-json\/wp\/v2\/coauthors?post=322"}],"curies":[{"name":"wp","href":"https:\/\/api.w.org\/{rel}","templated":true}]}}