{"id":202,"date":"2020-12-07T17:30:44","date_gmt":"2020-12-07T22:30:44","guid":{"rendered":"http:\/\/blog.richmond.edu\/clarice-lispector\/?page_id=202"},"modified":"2020-12-10T10:16:46","modified_gmt":"2020-12-10T15:16:46","slug":"macarena-mallea","status":"publish","type":"page","link":"https:\/\/blog.richmond.edu\/clarice-lispector\/macarena-mallea\/","title":{"rendered":"Macarena Mallea"},"content":{"rendered":"<p><span style=\"font-weight: 400;\"><img loading=\"lazy\" decoding=\"async\" class=\" wp-image-203 alignleft\" src=\"http:\/\/blog.richmond.edu\/clarice-lispector\/files\/2020\/12\/macarena-289x300.jpeg\" alt=\"\" width=\"324\" height=\"336\" srcset=\"https:\/\/blog.richmond.edu\/clarice-lispector\/files\/2020\/12\/macarena-289x300.jpeg 289w, https:\/\/blog.richmond.edu\/clarice-lispector\/files\/2020\/12\/macarena-768x796.jpeg 768w, https:\/\/blog.richmond.edu\/clarice-lispector\/files\/2020\/12\/macarena-988x1024.jpeg 988w\" sizes=\"auto, (max-width: 324px) 100vw, 324px\" \/><\/span><\/p>\n<p>&nbsp;<\/p>\n<p><span style=\"font-weight: 400;\">Naci\u00f3 en Santiago, en 1990. Es Licenciada en Lengua y Literatura por la Universidad Alberto Hurtado, Chile. Mag\u00edster en Literatura por la Universidad de Chile y estudiante del Doctorado en Literatura chilena e hispanoamericana en la misma instituci\u00f3n. Junto a Claudia Darrigrandi y Mariela M\u00e9ndez, co-editora del libro <em>El arte de pensar sin riesgos. 100 a\u00f1os de Clarice Lispector<\/em>, pronto a ser publicado por la editorial Corregidor, de Buenos Aires. Sus l\u00edneas de estudio abordan las literaturas brasile\u00f1as, la cr\u00f3nica latinoamericana y las escrituras autobiogr\u00e1ficas. Actualmente desarrolla el proyecto de investigaci\u00f3n doctoral \u201cCiudad, afectos y subjetividades: imaginarios del Brasil urbano de la primera mitad del siglo XX\u201d.<\/span><\/p>\n","protected":false},"excerpt":{"rendered":"<p>&nbsp; Naci\u00f3 en Santiago, en 1990. Es Licenciada en Lengua y Literatura por la Universidad Alberto Hurtado, Chile. Mag\u00edster en Literatura por la Universidad de Chile y estudiante del Doctorado en Literatura chilena e hispanoamericana en la misma instituci\u00f3n. Junto a Claudia Darrigrandi y Mariela M\u00e9ndez, co-editora del libro El arte de pensar sin riesgos. <a href=\"https:\/\/blog.richmond.edu\/clarice-lispector\/macarena-mallea\/\" rel=\"nofollow\"><span class=\"sr-only\">Read more about Macarena Mallea<\/span>[&#8230;]<\/a><\/p>\n","protected":false},"author":3560,"featured_media":0,"parent":0,"menu_order":0,"comment_status":"closed","ping_status":"closed","template":"","meta":{"footnotes":""},"coauthors":[163343],"class_list":["post-202","page","type-page","status-publish","hentry"],"_links":{"self":[{"href":"https:\/\/blog.richmond.edu\/clarice-lispector\/wp-json\/wp\/v2\/pages\/202","targetHints":{"allow":["GET"]}}],"collection":[{"href":"https:\/\/blog.richmond.edu\/clarice-lispector\/wp-json\/wp\/v2\/pages"}],"about":[{"href":"https:\/\/blog.richmond.edu\/clarice-lispector\/wp-json\/wp\/v2\/types\/page"}],"author":[{"embeddable":true,"href":"https:\/\/blog.richmond.edu\/clarice-lispector\/wp-json\/wp\/v2\/users\/3560"}],"replies":[{"embeddable":true,"href":"https:\/\/blog.richmond.edu\/clarice-lispector\/wp-json\/wp\/v2\/comments?post=202"}],"version-history":[{"count":4,"href":"https:\/\/blog.richmond.edu\/clarice-lispector\/wp-json\/wp\/v2\/pages\/202\/revisions"}],"predecessor-version":[{"id":450,"href":"https:\/\/blog.richmond.edu\/clarice-lispector\/wp-json\/wp\/v2\/pages\/202\/revisions\/450"}],"wp:attachment":[{"href":"https:\/\/blog.richmond.edu\/clarice-lispector\/wp-json\/wp\/v2\/media?parent=202"}],"wp:term":[{"taxonomy":"author","embeddable":true,"href":"https:\/\/blog.richmond.edu\/clarice-lispector\/wp-json\/wp\/v2\/coauthors?post=202"}],"curies":[{"name":"wp","href":"https:\/\/api.w.org\/{rel}","templated":true}]}}