{"id":198,"date":"2020-12-07T17:29:44","date_gmt":"2020-12-07T22:29:44","guid":{"rendered":"http:\/\/blog.richmond.edu\/clarice-lispector\/?page_id=198"},"modified":"2020-12-10T00:42:32","modified_gmt":"2020-12-10T05:42:32","slug":"griselle-merced-hernandez","status":"publish","type":"page","link":"https:\/\/blog.richmond.edu\/clarice-lispector\/griselle-merced-hernandez\/","title":{"rendered":"Grisselle Merced Hern\u00e1ndez"},"content":{"rendered":"<p><span style=\"font-weight: 400;\"><img loading=\"lazy\" decoding=\"async\" class=\"size-medium wp-image-199 alignleft\" src=\"http:\/\/blog.richmond.edu\/clarice-lispector\/files\/2020\/12\/griselle--300x300.jpeg\" alt=\"\" width=\"300\" height=\"300\" srcset=\"https:\/\/blog.richmond.edu\/clarice-lispector\/files\/2020\/12\/griselle--300x300.jpeg 300w, https:\/\/blog.richmond.edu\/clarice-lispector\/files\/2020\/12\/griselle--150x150.jpeg 150w, https:\/\/blog.richmond.edu\/clarice-lispector\/files\/2020\/12\/griselle--768x768.jpeg 768w, https:\/\/blog.richmond.edu\/clarice-lispector\/files\/2020\/12\/griselle--1024x1024.jpeg 1024w, https:\/\/blog.richmond.edu\/clarice-lispector\/files\/2020\/12\/griselle--250x250.jpeg 250w, https:\/\/blog.richmond.edu\/clarice-lispector\/files\/2020\/12\/griselle--174x174.jpeg 174w\" sizes=\"auto, (max-width: 300px) 100vw, 300px\" \/><\/span><\/p>\n<p>&nbsp;<\/p>\n<p><span style=\"font-weight: 400;\">Grisselle Merced Hern\u00e1ndez naci\u00f3 en Puerto Rico y actualmente es profesora de Espa\u00f1ol en Weiss High School en Pflugerville, Texas. Su tesis doctoral (2012) titulada \u201cLa construcci\u00f3n de la subjetividad: la correspondencia in\u00e9dita de Julia de Burgos a su hermana Consuelo y de Clarice Lispector a sus hermanas en el epistolario Queridas m\u00edas (2010)\u201d, se centra espec\u00edficamente en los temas del g\u00e9nero epistolar, la ciudad y la construcci\u00f3n de la subjetividad de dos escritoras latinoamericanas: Julia de Burgos de Puerto Rico y Clarice Lispector de Brasil. Public\u00f3 su tesis doctoral bajo el t\u00edtulo de <em>Cartas viajeras: Versiones de s\u00ed misma. Jul<\/em><\/span><em>ia de Burgos. Clarice Lispector<\/em> (2014).<\/p>\n","protected":false},"excerpt":{"rendered":"<p>&nbsp; Grisselle Merced Hern\u00e1ndez naci\u00f3 en Puerto Rico y actualmente es profesora de Espa\u00f1ol en Weiss High School en Pflugerville, Texas. Su tesis doctoral (2012) titulada \u201cLa construcci\u00f3n de la subjetividad: la correspondencia in\u00e9dita de Julia de Burgos a su hermana Consuelo y de Clarice Lispector a sus hermanas en el epistolario Queridas m\u00edas (2010)\u201d, <a href=\"https:\/\/blog.richmond.edu\/clarice-lispector\/griselle-merced-hernandez\/\" rel=\"nofollow\"><span class=\"sr-only\">Read more about Grisselle Merced Hern\u00e1ndez<\/span>[&#8230;]<\/a><\/p>\n","protected":false},"author":3560,"featured_media":0,"parent":0,"menu_order":0,"comment_status":"closed","ping_status":"closed","template":"","meta":{"footnotes":""},"coauthors":[163343],"class_list":["post-198","page","type-page","status-publish","hentry"],"_links":{"self":[{"href":"https:\/\/blog.richmond.edu\/clarice-lispector\/wp-json\/wp\/v2\/pages\/198","targetHints":{"allow":["GET"]}}],"collection":[{"href":"https:\/\/blog.richmond.edu\/clarice-lispector\/wp-json\/wp\/v2\/pages"}],"about":[{"href":"https:\/\/blog.richmond.edu\/clarice-lispector\/wp-json\/wp\/v2\/types\/page"}],"author":[{"embeddable":true,"href":"https:\/\/blog.richmond.edu\/clarice-lispector\/wp-json\/wp\/v2\/users\/3560"}],"replies":[{"embeddable":true,"href":"https:\/\/blog.richmond.edu\/clarice-lispector\/wp-json\/wp\/v2\/comments?post=198"}],"version-history":[{"count":2,"href":"https:\/\/blog.richmond.edu\/clarice-lispector\/wp-json\/wp\/v2\/pages\/198\/revisions"}],"predecessor-version":[{"id":419,"href":"https:\/\/blog.richmond.edu\/clarice-lispector\/wp-json\/wp\/v2\/pages\/198\/revisions\/419"}],"wp:attachment":[{"href":"https:\/\/blog.richmond.edu\/clarice-lispector\/wp-json\/wp\/v2\/media?parent=198"}],"wp:term":[{"taxonomy":"author","embeddable":true,"href":"https:\/\/blog.richmond.edu\/clarice-lispector\/wp-json\/wp\/v2\/coauthors?post=198"}],"curies":[{"name":"wp","href":"https:\/\/api.w.org\/{rel}","templated":true}]}}