{"id":190,"date":"2020-12-07T17:27:38","date_gmt":"2020-12-07T22:27:38","guid":{"rendered":"http:\/\/blog.richmond.edu\/clarice-lispector\/?page_id=190"},"modified":"2020-12-10T00:38:17","modified_gmt":"2020-12-10T05:38:17","slug":"eleonora-croquer-pedron","status":"publish","type":"page","link":"https:\/\/blog.richmond.edu\/clarice-lispector\/eleonora-croquer-pedron\/","title":{"rendered":"Eleonora Croquer Pedr\u00f3n"},"content":{"rendered":"<p><img loading=\"lazy\" decoding=\"async\" class=\"size-medium wp-image-191 alignleft\" src=\"http:\/\/blog.richmond.edu\/clarice-lispector\/files\/2020\/12\/pedron-300x300.jpeg\" alt=\"\" width=\"300\" height=\"300\" srcset=\"https:\/\/blog.richmond.edu\/clarice-lispector\/files\/2020\/12\/pedron-300x300.jpeg 300w, https:\/\/blog.richmond.edu\/clarice-lispector\/files\/2020\/12\/pedron-150x150.jpeg 150w, https:\/\/blog.richmond.edu\/clarice-lispector\/files\/2020\/12\/pedron-768x768.jpeg 768w, https:\/\/blog.richmond.edu\/clarice-lispector\/files\/2020\/12\/pedron-1024x1024.jpeg 1024w, https:\/\/blog.richmond.edu\/clarice-lispector\/files\/2020\/12\/pedron-250x250.jpeg 250w, https:\/\/blog.richmond.edu\/clarice-lispector\/files\/2020\/12\/pedron-174x174.jpeg 174w\" sizes=\"auto, (max-width: 300px) 100vw, 300px\" \/><\/p>\n<p><span style=\"font-weight: 400;\">Eleonora Cr\u00f3quer Pedr\u00f3n es Doctora en Literatura hisp\u00e1nica (Universitat de Valencia, Espa\u00f1a, 2004), Magister en Literatura latinoamericana (Universidad Sim\u00f3n Bol\u00edvar, Venezuela, 1995) y Licenciada en Letras (<\/span><span style=\"font-weight: 400;\">Universidad Central de Venezuela, 1991). Se desempe\u00f1a como investigadora y docente Titular a Dedicaci\u00f3n Exclusiva del Departamento de Lengua y Literatura de la Universidad Sim\u00f3n Bol\u00edvar, donde es adem\u00e1s creadora y responsable del Centro de Investigaciones Cr\u00edticas y Socioculturales (www.cics-usb.org)<\/span><span style=\"font-weight: 400;\">. Es directora, asimismo, del Instituto de Altos Estudios de Am\u00e9rica Latina de la Universidad Sim\u00f3n Bol\u00edvar. Sus l\u00edneas de investigaci\u00f3n son: literatura escrita por mujeres en Am\u00e9rica Latina, imagen y cultura visual en el entresiglos XIX y XX latinoamericano, problemas de teor\u00eda cr\u00edtica y cultural, autor\u00edas exc\u00e9ntricas de la literatura y el arte, relaciones entre goce y pol\u00edtica. Ha publicado los libros: <em>El gesto de Ant\u00edgona o La escritura como responsabilidad (Clarice Lispector, Diamela Eltit y Carmen Boullosa)<\/em>, Santiago de Chile: Cuarto Propio, 2000; y <em>Escrito con rouge: Delmira Agustini, 1886-1914: artefacto cultural<\/em>, Rosario: Beatriz Viterbo, 2009. Asimismo, tiene m\u00e1s de 30 publicaciones especializadas entre art\u00edculos y cap\u00edtulos de libro en el campo de los estudios cr\u00edticos y culturales sobre Am\u00e9rica Latina, y cerca de 50 asistencias a congresos y conferencias invitadas nacionales e internacionales. Recientemente, particip\u00f3 junto con Meri Torras y Aina P\u00e9rez Fondevilla en la coordinaci\u00f3n de sendos vol\u00famenes monogr\u00e1ficos sobre problemas de autor\u00eda de mujeres en la literatura y el arte, que fueron publicados en las revistas Mundo Nuevo (N\u00b0 42) y Estudios (N\u00b0 16), ambas de la Universidad Sim\u00f3n Bol\u00edvar. En la actualidad organiza un volumen colectivo de la revista argentina <em>El taco en la brea<\/em>, sobre diversas aproximaciones cr\u00edticas transdisciplinarias a la literatura, el arte y la cultura en Venezuela y Am\u00e9rica Latina. Sus publicaciones se pueden consultar en el blog: elecrope.wordpress.com.<\/span><\/p>\n","protected":false},"excerpt":{"rendered":"<p>Eleonora Cr\u00f3quer Pedr\u00f3n es Doctora en Literatura hisp\u00e1nica (Universitat de Valencia, Espa\u00f1a, 2004), Magister en Literatura latinoamericana (Universidad Sim\u00f3n Bol\u00edvar, Venezuela, 1995) y Licenciada en Letras (Universidad Central de Venezuela, 1991). Se desempe\u00f1a como investigadora y docente Titular a Dedicaci\u00f3n Exclusiva del Departamento de Lengua y Literatura de la Universidad Sim\u00f3n Bol\u00edvar, donde es adem\u00e1s <a href=\"https:\/\/blog.richmond.edu\/clarice-lispector\/eleonora-croquer-pedron\/\" rel=\"nofollow\"><span class=\"sr-only\">Read more about Eleonora Croquer Pedr\u00f3n<\/span>[&#8230;]<\/a><\/p>\n","protected":false},"author":3560,"featured_media":0,"parent":0,"menu_order":0,"comment_status":"closed","ping_status":"closed","template":"","meta":{"footnotes":""},"coauthors":[163343],"class_list":["post-190","page","type-page","status-publish","hentry"],"_links":{"self":[{"href":"https:\/\/blog.richmond.edu\/clarice-lispector\/wp-json\/wp\/v2\/pages\/190","targetHints":{"allow":["GET"]}}],"collection":[{"href":"https:\/\/blog.richmond.edu\/clarice-lispector\/wp-json\/wp\/v2\/pages"}],"about":[{"href":"https:\/\/blog.richmond.edu\/clarice-lispector\/wp-json\/wp\/v2\/types\/page"}],"author":[{"embeddable":true,"href":"https:\/\/blog.richmond.edu\/clarice-lispector\/wp-json\/wp\/v2\/users\/3560"}],"replies":[{"embeddable":true,"href":"https:\/\/blog.richmond.edu\/clarice-lispector\/wp-json\/wp\/v2\/comments?post=190"}],"version-history":[{"count":3,"href":"https:\/\/blog.richmond.edu\/clarice-lispector\/wp-json\/wp\/v2\/pages\/190\/revisions"}],"predecessor-version":[{"id":415,"href":"https:\/\/blog.richmond.edu\/clarice-lispector\/wp-json\/wp\/v2\/pages\/190\/revisions\/415"}],"wp:attachment":[{"href":"https:\/\/blog.richmond.edu\/clarice-lispector\/wp-json\/wp\/v2\/media?parent=190"}],"wp:term":[{"taxonomy":"author","embeddable":true,"href":"https:\/\/blog.richmond.edu\/clarice-lispector\/wp-json\/wp\/v2\/coauthors?post=190"}],"curies":[{"name":"wp","href":"https:\/\/api.w.org\/{rel}","templated":true}]}}