{"id":82,"date":"2020-04-27T08:49:19","date_gmt":"2020-04-27T12:49:19","guid":{"rendered":"http:\/\/blog.richmond.edu\/chemistryofcooking\/?page_id=82"},"modified":"2021-04-15T15:42:36","modified_gmt":"2021-04-15T19:42:36","slug":"pate-a-choux","status":"publish","type":"page","link":"https:\/\/blog.richmond.edu\/chemistryofcooking\/lab-schedule\/lab-4-cake-or-pate-a-choux\/pate-a-choux\/","title":{"rendered":"P\u00e2te \u00e0 Choux"},"content":{"rendered":"<h3>P\u00e2te \u00e0 Choux<\/h3>\n<p>P\u00e2te \u00e0 Choux (pronounced pat-a-shoe) is a puffed hollow pastry that can be filled with cream (as in a eclair) or with savory options such at cheese, nuts or meats. The principle is the same: The dough is made with hot liquids in order to &#8220;gel&#8221; the starches in the flour, the dough is kneaded to develop the gluten (if any), and eggs are added &#8211; the egg liquid steams and puffs up the dough in the oven, and the egg protein &#8220;sets&#8221; and firms the walls of the puff. Yeast or baking powder are not used at all &#8211; the leavening comes entirely from the steam.<\/p>\n<p>In this lab, you will make a classic pate a choux with regular flour, and then a savory variation that comes from Brazil and uses the naturally gluten-free tapioca flour.<\/p>\n<h2>Classic P\u00e2te \u00e0 Choux<\/h2>\n<h3>Materials<\/h3>\n<ul>\n<li>Medium saucepan<\/li>\n<li>sturdy wooden spoon or sturdy rubber spoonula<\/li>\n<li>Standing mixer with paddle attachment (or mixing bowl and elbow grease)<\/li>\n<li>2 baking sheets<\/li>\n<li>Parchment paper or silicone baking mats<\/li>\n<li>gallon sized food storage bags or two tablespoons<\/li>\n<\/ul>\n<h3><\/h3>\n<h3>Ingredients<\/h3>\n<ul>\n<li class=\"o-Ingredients__a-ListItem\">3\/4 cup water<\/li>\n<li class=\"o-Ingredients__a-ListItem\">1\u00a0stick butter (8 tablespoons)<\/li>\n<li class=\"o-Ingredients__a-ListItem\">1\/8 teaspoon salt<\/li>\n<li class=\"o-Ingredients__a-ListItem\">1 cup bread or all-purpose\u00a0flour<\/li>\n<li class=\"o-Ingredients__a-ListItem\">1 cup of eggs (about 4 large eggs and two whites &#8211; make sure you have some whites, you will need to separate the eggs)\u00a0<em>P\u00e2te \u00e0 choux recipes will typically give a number of eggs as a starting point, but your goal should really be to add in only as many eggs as the butter and flour will hold. This amount depends on your flour, the size (and slight size variance) in your eggs, and even the humidity on the day you bake, so it can vary slightly from day to day and batch to batch.<\/em>\n<ul>\n<li class=\"o-Ingredients__a-ListItem\"><iframe loading=\"lazy\" style=\"width: 320px; height: 240px;\" title=\"How to separate egg whites and egg yolks\" src=\"https:\/\/www.youtube.com\/embed\/yAGX-54iR30?feature=oembed&amp;rel=0\" width=\"300\" height=\"150\" allowfullscreen=\"allowfullscreen\"><\/iframe><\/li>\n<\/ul>\n<\/li>\n<li class=\"o-Ingredients__a-ListItem\">(Optional &#8211; for cheesy puffs)\u00a01\/2 cup finely grated hard cheese (gruyere, parmesean&#8230;etc) + 1\/2 teaspoon fine table salt<\/li>\n<li class=\"o-Ingredients__a-ListItem\">Non-stick cooking spray<\/li>\n<\/ul>\n<h3>Instructions for Classic\u00a0P\u00e2te \u00e0 Choux<\/h3>\n<p><span style=\"font-size: 10pt;\"><em>Once p\u00e2te \u00e0 choux hits the heat of the oven, all this liquid quickly turns to steam, leavens the paste, and makes it rise. In addition, the proteins in the eggs uncoil, stretch, and &#8220;puff.&#8221; The signature hollow-ness of baked choux is a result of these proteins being stretched so far that they break. The eggs will eventually set, as cooked eggs do, to help support the structure and create the crisp outer shell of baked choux paste. However, if under-baked, the proteins will recoil and cause the choux to shrivel up and collapse.<\/em><\/span><\/p>\n<ol>\n<li><strong>Heat the oven: <\/strong>Arrange 2 racks to divide the oven into thirds and heat to 425\u00b0F. Line 2 baking sheets with silicone baking mats or parchment paper; set aside.<\/li>\n<li><strong>Boil the water, butter and salt: <span style=\"color: #0000ff;\">Place the water, butter and salt, in a\u00a02- to 4-quart saucepan<\/span><\/strong> and bring to a rolling boil over medium-high heat, stirring to melt the butter.<\/li>\n<li><strong>Add the flour:<\/strong> Remove the pan from heat and add the flour all at once. Stir vigorously with a wooden spoon until the mixture comes together and resembles mashed potatoes.<\/li>\n<li><strong>Cook the dough:<\/strong> Return the pan to medium-low heat and stir for 3 to 5 minutes to dry out the dough. <span style=\"color: #0000ff;\"><strong>The dough is ready<\/strong><\/span> when it smells nutty, glistens, and is thick enough to hold a spoon upright. A film of starch on the bottom of the pan is normal.\n<ul>\n<li><img loading=\"lazy\" decoding=\"async\" src=\"http:\/\/steamykitchen.com\/wp-content\/uploads\/2009\/11\/pate-a-choux-10621.jpg\" width=\"362\" height=\"241\" \/><\/li>\n<\/ul>\n<\/li>\n<li><strong>Cool the dough:<\/strong> Transfer the dough to the bowl of a stand mixer fitted with a paddle attachment. (Alternatively, use an electric hand mixer or beat by hand with a stiff spatula.) Beat the dough on medium-low speed until it stops steaming and is just warm to the touch, about 1 minute.<\/li>\n<li><strong>Add the eggs:<\/strong> Continue beating and add the eggs in 4 additions. Wait for each addition to be absorbed and for the dough to smooth out before adding the next. Scrape down the sides of the bowl if needed between additions.<strong><span style=\"color: #0000ff;\"> In the end, the dough should come together in a very smooth, creamy batter<\/span><\/strong>.\u00a0If you pull the paddle attachment of an electric mixer out of the paste, a &#8220;tongue&#8221; should appear at the tip of the paddle.<\/li>\n<li><strong>Add cheese (optional)<\/strong> &#8211; you can fill these puffs with cream, or mushroom paste, or really anything you want. But if you want to make them cheesy puffs &#8211; now is the time. Add in 1\/2 cup of grated cheese and the 1\/2 tsp salt<\/li>\n<li><strong>Pipe or spoon the dough onto the baking sheets.<\/strong> If you have a pastry bag and know how to use it &#8211; go ahead. Otherwise, you can just put the dough in a large gallon-sized plastic bag and snip off the end &#8211; pipe <strong><span style=\"color: #0000ff;\">golf-ball sized puffs directly onto the baking sheet<\/span><\/strong>. Alternatively, use two tablespoons to scoop and golf-ball sized plop mounds of dough onto the baking sheet.\u00a0<strong>Keep the puffs two inches apart.<\/strong>\n<ul>\n<li><img loading=\"lazy\" decoding=\"async\" src=\"http:\/\/steamykitchen.com\/wp-content\/uploads\/2009\/11\/pate-a-choux-snip.jpg\" width=\"347\" height=\"231\" \/>\u00a0<img loading=\"lazy\" decoding=\"async\" src=\"http:\/\/steamykitchen.com\/wp-content\/uploads\/2009\/11\/pate-a-choux-peaks.jpg\" width=\"352\" height=\"234\" \/><\/li>\n<\/ul>\n<\/li>\n<li>Cook for 10 minutes at 425F (they should puff up!), then turn the oven down to 350 degrees F and bake for 10 more minutes or until golden brown. If your puffs are larger&#8230;they might take longer.<\/li>\n<li>Once they are removed from the oven pierce with a small, sharp\u00a0knife immediately to release steam.<\/li>\n<li>Cool completely.<\/li>\n<li>When cool, you can slice off their little tops and fill the inside with something awesome. You can also wrap them in a plastic bag and freeze for 2-3 months.<\/li>\n<\/ol>\n<h3>P\u00e3o de Queijo (Brazilian Cheese Puffs)<\/h3>\n<div>Makes 24 (2-inch) puffs<\/div>\n<div><em><em>In this variation on\u00a0<\/em><\/em>P\u00e2te \u00e0 Choux, tapioca flour replaces the wheat flour.<\/div>\n<h3><strong>Ingredients<\/strong><\/h3>\n<p>1 cup whole milk<br \/>\n1\/2 cup vegetable oil<br \/>\n1 teaspoon salt<br \/>\n10 ounces tapioca flour or sour cassava flour (about 2 cups) &#8211;\u00a0<em>look in the gluten free section of the grocery store. Bob&#8217;s Red Mill makes a Tapioca flour.\u00a0<\/em><br \/>\n2 large eggs<br \/>\n1 to 1 1\/2 cups grated Parmesan cheese<\/p>\n<h3><strong>Materials<\/strong><\/h3>\n<p>Medium saucepan<br \/>\nWooden spoon<br \/>\nStanding mixer with paddle attachment (or mixing bowl and elbow grease)<br \/>\n2 baking sheets<br \/>\nParchment paper or silicone baking mats<\/p>\n<h3>Instructions<\/h3>\n<ol>\n<li><strong>Heat the oven: <\/strong>Arrange 2 racks to divide the oven into thirds and heat to 450\u00b0F. Line 2 baking sheets with parchment paper or silicone baking mats.<\/li>\n<li><strong>Boil the milk and oil:<\/strong> Place the milk, oil, and salt in a medium saucepan and bring to a gentle boil over medium heat, stirring occasionally. Remove from heat as soon as you see big bubbles coming through the milk.<\/li>\n<li><strong>Add the tapioca flour:<\/strong> Add all of the tapioca flour and stir with a wooden spoon until you see no more dry tapioca flour.<strong><span style=\"color: #0000ff;\"> The dough will be grainy and gelatinous at this point<\/span><\/strong>.<\/li>\n<li><strong>Cool the dough:<\/strong> Transfer the dough to the bowl of a standing mixer fitted with a paddle attachment. (Alternatively, you can finish the dough by hand. Be prepared for a work-out.) Beat the dough for a few minutes at medium speed until it smooths out and has cooled enough that you can hold your finger against the dough for several seconds. There may be an oily slick that is not fully incorporated.<\/li>\n<li><strong>Beat in the eggs:<\/strong> With the mixer on medium speed, <strong><span style=\"color: #0000ff;\">beat the eggs into the dough one at a time<\/span><\/strong>, waiting until the first egg is fully incorporated before adding the second. Scrape down the sides of the bowl as needed.<\/li>\n<li><strong>Beat in the cheese:<\/strong> Beat in the cheese on medium speed until fully incorporated.<strong><span style=\"color: #0000ff;\"> The resulting dough will be very sticky, stretchy, and soft with a consistency between cake batter and cookie dough<\/span><\/strong>. It will not be completely smooth.<\/li>\n<li><strong>Portion the puffs:<\/strong> Have a small bowl of water ready. For small puffs, scoop the dough by level tablespoons onto the baking sheets, spacing them about 1 1\/2-inches apart (24 per baking sheet). For larger puffs, scoop the dough with a small (1 ounce or 2 tablespoon) ice cream scoop, spacing them about 2-inches apart (12 per baking sheet). Dip your scoop in water between scoops to prevent sticking.<\/li>\n<li><strong>Bake the puffs: <span style=\"color: #0000ff;\">Place the baking sheets in the oven<\/span><\/strong> and immediately reduce the heat to 350\u00b0F. Bake for 15 minutes. Rotate the baking sheets between racks and from front to back. Bake until the puffs have puffed, the outsides are dry, and they are just starting to turn golden-brown on the bottoms, 10 to 15 minutes more. (The tops will not brown much.) <strong><span style=\"color: #0000ff;\">Cool for a few minutes<\/span><\/strong> and eat warm.<\/li>\n<\/ol>\n<h3>Recipe Notes<\/h3>\n<ul>\n<li><strong>Storage:<\/strong> Leftover puffs can be kept in an airtight container in the refrigerator for up to 1 week and re-crisped in a warm oven or toaster oven.<\/li>\n<li><strong>Freezing:<\/strong> Portion the dough onto the baking sheets and freeze until solid. Transfer to resealable freezer bags and freeze for up to 1 month. Bake frozen for the same amount of time.<\/li>\n<\/ul>\n<h2><strong>On your blog:<\/strong><\/h2>\n<ol>\n<li><span style=\"color: #000000;\"><strong>Integrate the photos you took above into a typed narrative about your process.\u00a0<\/strong><\/span><\/li>\n<li><span style=\"color: #0000ff;\"><strong>Take photos\u00a0<\/strong><\/span>\n<ol>\n<li>Side-by-side of your completely cooled p\u00e2te \u00e0 choux\u00a0and p\u00e3o de queijo *Brazillian cheese puff) &#8211; labeled.<\/li>\n<li>Slice or break open each puff &#8211; take a closeup photo of the interior, showing the holes.<\/li>\n<\/ol>\n<\/li>\n<li><span style=\"color: #800080;\"><strong>Post a brief video <\/strong><\/span>in which&#8230;\n<ol>\n<li>You describe and explain the\u00a0texture\u00a0of your puffs.\n<ol>\n<li>Consider how crispy and light vs chewy and soft they are.<\/li>\n<li>What about each recipe made the puffs light vs chewy?<\/li>\n<\/ol>\n<\/li>\n<li>Describe what went really well\u00a0during your puff\u00a0making<\/li>\n<li>What would you change if you repeated this process again.<\/li>\n<\/ol>\n<\/li>\n<li><strong>Answer the following questions by copy\/pasting the question and typing your answer on your blog:<\/strong>\n<ol>\n<li>What about this recipe ensured that the puff would bake with a firm exterior and a hollow interior?\n<ul>\n<li>What made these puffs &#8220;rise&#8221;?<\/li>\n<\/ul>\n<\/li>\n<li>Why did the dough need to &#8220;cool down&#8221; before adding the eggs?<\/li>\n<\/ol>\n<\/li>\n<\/ol>\n<h2>References:<\/h2>\n<p>This lab was developed from the following sources:<\/p>\n<p><a href=\"http:\/\/steamykitchen.com\/6659-super-simple-pate-a-choux-basic-cream-puff-recipe.html\">http:\/\/steamykitchen.com\/6659-super-simple-pate-a-choux-basic-cream-puff-recipe.html<\/a><\/p>\n<p><a href=\"http:\/\/www.thekitchn.com\/how-to-make-po-de-queijo-brazilian-cheese-bread-cooking-lessons-from-the-kitchn-176118\">http:\/\/www.thekitchn.com\/how-to-make-po-de-queijo-brazilian-cheese-bread-cooking-lessons-from-the-kitchn-176118<\/a><\/p>\n<p><a href=\"http:\/\/www.thekitchn.com\/how-to-make-cheese-gougeres-169039\">http:\/\/www.thekitchn.com\/how-to-make-cheese-gougeres-169039<\/a><\/p>\n<p>&nbsp;<\/p>\n","protected":false},"excerpt":{"rendered":"<p>P\u00e2te \u00e0 Choux P\u00e2te \u00e0 Choux (pronounced pat-a-shoe) is a puffed hollow pastry that can be filled with cream (as in a eclair) or with savory options such at cheese, nuts or meats. The principle is the same: The dough &hellip; <a href=\"https:\/\/blog.richmond.edu\/chemistryofcooking\/lab-schedule\/lab-4-cake-or-pate-a-choux\/pate-a-choux\/\">Continue reading <span class=\"meta-nav\">&rarr;<\/span><\/a><\/p>\n","protected":false},"author":1230,"featured_media":0,"parent":312,"menu_order":2,"comment_status":"closed","ping_status":"closed","template":"","meta":{"footnotes":""},"coauthors":[142150],"class_list":["post-82","page","type-page","status-publish","hentry"],"_links":{"self":[{"href":"https:\/\/blog.richmond.edu\/chemistryofcooking\/wp-json\/wp\/v2\/pages\/82","targetHints":{"allow":["GET"]}}],"collection":[{"href":"https:\/\/blog.richmond.edu\/chemistryofcooking\/wp-json\/wp\/v2\/pages"}],"about":[{"href":"https:\/\/blog.richmond.edu\/chemistryofcooking\/wp-json\/wp\/v2\/types\/page"}],"author":[{"embeddable":true,"href":"https:\/\/blog.richmond.edu\/chemistryofcooking\/wp-json\/wp\/v2\/users\/1230"}],"replies":[{"embeddable":true,"href":"https:\/\/blog.richmond.edu\/chemistryofcooking\/wp-json\/wp\/v2\/comments?post=82"}],"version-history":[{"count":0,"href":"https:\/\/blog.richmond.edu\/chemistryofcooking\/wp-json\/wp\/v2\/pages\/82\/revisions"}],"up":[{"embeddable":true,"href":"https:\/\/blog.richmond.edu\/chemistryofcooking\/wp-json\/wp\/v2\/pages\/312"}],"wp:attachment":[{"href":"https:\/\/blog.richmond.edu\/chemistryofcooking\/wp-json\/wp\/v2\/media?parent=82"}],"wp:term":[{"taxonomy":"author","embeddable":true,"href":"https:\/\/blog.richmond.edu\/chemistryofcooking\/wp-json\/wp\/v2\/coauthors?post=82"}],"curies":[{"name":"wp","href":"https:\/\/api.w.org\/{rel}","templated":true}]}}