{"id":35,"date":"2017-08-21T13:04:07","date_gmt":"2017-08-21T17:04:07","guid":{"rendered":"http:\/\/blog.richmond.edu\/bilingualism411\/?page_id=35"},"modified":"2022-12-21T14:00:13","modified_gmt":"2022-12-21T19:00:13","slug":"informacion-general-investigacion","status":"publish","type":"page","link":"https:\/\/blog.richmond.edu\/bilingualism411\/informacion-general-investigacion\/","title":{"rendered":"Informaci\u00f3n general &#8211; Proyectos de investigaci\u00f3n"},"content":{"rendered":"<p>Cada alumne llevar\u00e1 a cabo un proyecto de investigaci\u00f3n independiente. Al completar este proyecto demostrar\u00e1 la capacidad de plantear preguntas originales, recopilar fuentes relevantes, analizar datos nuevos y escribir un informe de investigaci\u00f3n en espa\u00f1ol con suficiente precisi\u00f3n. El producto final del proyecto ser\u00e1 un informe de 8-12 p\u00e1ginas. Se preparar\u00e1 en varias etapas cuyas fechas de entrega son indicadas en el Programa. Se evaluar\u00e1 tanto el producto final como la calidad de las entregas anteriores para determinar la calificaci\u00f3n del proyecto, el que cuenta como 30% de la nota final del curso. (ver r\u00fabrica)<\/p>\n<p>Este blog ofrece recursos e informaci\u00f3n para el proyecto. Aqu\u00ed tambi\u00e9n cada alumne registrar\u00e1 su progreso a lo largo del semestre y subir\u00e1 comentarios y sugerencias para sus compa\u00f1eros.<\/p>\n<p>Les alumnes que est\u00e1n en su cuarto a\u00f1o de estudio tienen la opci\u00f3n de presentar su proyecto en <a href=\"http:\/\/lalis.richmond.edu\/research\/index.html\">el simposio de LALIS<\/a> (un requisito de graduaci\u00f3n para les alumnes especializades en LALIS) y\/o <a href=\"http:\/\/as.richmond.edu\/student-research\/symposium\/index.html\">el simposio de la Escuela de Artes y Ciencias<\/a>.<\/p>\n<p>Los proyectos que involucran a participantes humanes han de tener permiso del <a href=\"http:\/\/irb.richmond.edu\/overview\/index.html\">Institutional Review Board (IRB)<\/a>. En estos casos es necesario completar un m\u00f3dulo de capacitaci\u00f3n y entregar una solicitud al IRB, siempre en consultaci\u00f3n con la profesora para asegurar que el proyecto proteja la confidencialidad de les participantes y la \u00e9tica de investigaci\u00f3n acad\u00e9mica.<\/p>\n","protected":false},"excerpt":{"rendered":"<p>Cada alumne llevar\u00e1 a cabo un proyecto de investigaci\u00f3n independiente. Al completar este proyecto demostrar\u00e1 la capacidad de plantear preguntas<\/p>\n","protected":false},"author":3465,"featured_media":0,"parent":0,"menu_order":0,"comment_status":"closed","ping_status":"closed","template":"","meta":{"colormag_page_layout":"default_layout","footnotes":""},"coauthors":[65590],"class_list":["post-35","page","type-page","status-publish","hentry"],"_links":{"self":[{"href":"https:\/\/blog.richmond.edu\/bilingualism411\/wp-json\/wp\/v2\/pages\/35","targetHints":{"allow":["GET"]}}],"collection":[{"href":"https:\/\/blog.richmond.edu\/bilingualism411\/wp-json\/wp\/v2\/pages"}],"about":[{"href":"https:\/\/blog.richmond.edu\/bilingualism411\/wp-json\/wp\/v2\/types\/page"}],"author":[{"embeddable":true,"href":"https:\/\/blog.richmond.edu\/bilingualism411\/wp-json\/wp\/v2\/users\/3465"}],"replies":[{"embeddable":true,"href":"https:\/\/blog.richmond.edu\/bilingualism411\/wp-json\/wp\/v2\/comments?post=35"}],"version-history":[{"count":2,"href":"https:\/\/blog.richmond.edu\/bilingualism411\/wp-json\/wp\/v2\/pages\/35\/revisions"}],"predecessor-version":[{"id":886,"href":"https:\/\/blog.richmond.edu\/bilingualism411\/wp-json\/wp\/v2\/pages\/35\/revisions\/886"}],"wp:attachment":[{"href":"https:\/\/blog.richmond.edu\/bilingualism411\/wp-json\/wp\/v2\/media?parent=35"}],"wp:term":[{"taxonomy":"author","embeddable":true,"href":"https:\/\/blog.richmond.edu\/bilingualism411\/wp-json\/wp\/v2\/coauthors?post=35"}],"curies":[{"name":"wp","href":"https:\/\/api.w.org\/{rel}","templated":true}]}}