{"id":33,"date":"2017-08-21T13:02:56","date_gmt":"2017-08-21T17:02:56","guid":{"rendered":"http:\/\/blog.richmond.edu\/bilingualism411\/?page_id=33"},"modified":"2022-12-22T11:39:16","modified_gmt":"2022-12-22T16:39:16","slug":"rubrica-para-la-evaluacion","status":"publish","type":"page","link":"https:\/\/blog.richmond.edu\/bilingualism411\/rubrica-para-la-evaluacion\/","title":{"rendered":"R\u00fabrica para la evaluaci\u00f3n &#8211; Proyectos de investigaci\u00f3n"},"content":{"rendered":"<table style=\"height: 391px;\" width=\"873\">\n<tbody>\n<tr>\n<td width=\"91\"><\/td>\n<td width=\"72\">Supera las expectativas<\/p>\n<p>(A: 100-90)<\/td>\n<td width=\"86\">Se ajusta plenamente a las expectativas<\/p>\n<p>(B: 89-80)<\/td>\n<td width=\"86\">Se ajusta ligeramente a las expectativas<\/p>\n<p>(C: 79-70)<\/td>\n<td width=\"77\">Se acerca a las expectativas<\/p>\n<p>(D-F: 69-40)<\/td>\n<td width=\"68\">No se acerca a las expectativas<\/p>\n<p>(F: 39-0)<\/td>\n<\/tr>\n<tr>\n<td width=\"91\"><strong>Esfuerzo, entregas previas y el blog<\/strong><\/td>\n<td width=\"72\">20-18<\/td>\n<td width=\"86\">18-16<\/td>\n<td width=\"86\">16-14<\/td>\n<td width=\"77\">14-6<\/td>\n<td width=\"68\">6-0<\/td>\n<\/tr>\n<tr>\n<td width=\"91\"><strong>Conceptos <\/strong><\/td>\n<td width=\"72\">10-9<\/td>\n<td width=\"86\">9-8<\/td>\n<td width=\"86\">8-7<\/td>\n<td width=\"77\">7-4<\/td>\n<td width=\"68\">4-0<\/td>\n<\/tr>\n<tr>\n<td width=\"91\"><strong>Investigaci\u00f3n de fondo<\/strong><\/td>\n<td width=\"72\">10-9<\/td>\n<td width=\"86\">9-8<\/td>\n<td width=\"86\">8-7<\/td>\n<td width=\"77\">7-4<\/td>\n<td width=\"68\">4-0<\/td>\n<\/tr>\n<tr>\n<td width=\"91\"><strong>An\u00e1lisis original<\/strong><\/td>\n<td width=\"72\">30-27<\/td>\n<td width=\"86\">26-24<\/td>\n<td width=\"86\">23-21<\/td>\n<td width=\"77\">20-16<\/td>\n<td width=\"68\">15-0<\/td>\n<\/tr>\n<tr>\n<td width=\"91\"><strong>Estilo<\/strong><\/td>\n<td width=\"72\">30-27<\/td>\n<td width=\"86\">26-24<\/td>\n<td width=\"86\">23-21<\/td>\n<td width=\"77\">20-16<\/td>\n<td width=\"68\">15-0<\/td>\n<\/tr>\n<\/tbody>\n<\/table>\n<p><strong>\u00a0<\/strong><\/p>\n<ol>\n<li><strong> Esfuerzo<\/strong><\/li>\n<\/ol>\n<p>Demostrar un esfuerzo consistente a lo largo del curso en cuanto a las entregas de varios componentes del proyecto, tanto las entregas subidas al blog como las presentaciones y discusiones en clase<\/p>\n<p>Demostrar progreso y haber aprendido de la retroalimentaci\u00f3n de la profesora<\/p>\n<p>Contribuir comentarios \u00fatiles al blog<\/p>\n<p>&nbsp;<\/p>\n<ol start=\"2\">\n<li><strong> Conceptos <\/strong><\/li>\n<\/ol>\n<p>Demostrar comprensi\u00f3n de conceptos ling\u00fc\u00edsticos, sobre todo los que son relevantes al proyecto<\/p>\n<p>&nbsp;<\/p>\n<ol start=\"3\">\n<li><strong> Investigaci\u00f3n de fondo (background research)<\/strong><\/li>\n<\/ol>\n<p>Demostrar la habilidad de localizar, comprender y sintetizar por lo menos 7 textos relevantes, recientes y fiables. Un m\u00e1ximo de 3 pueden ser textos asignados por la profesora en el plan de estudios.<\/p>\n<p>&nbsp;<\/p>\n<ol start=\"4\">\n<li><strong> An\u00e1lisis original <\/strong><\/li>\n<\/ol>\n<p>Demostrar la habilidad de presentar una pregunta de investigaci\u00f3n y contestarla con una metodolog\u00eda adecuada<\/p>\n<p>&nbsp;<\/p>\n<ol start=\"5\">\n<li><strong> Estilo <\/strong><\/li>\n<\/ol>\n<p>Demostrar alta calidad de escritura: precisi\u00f3n gramatical y ortogr\u00e1fica, sofisticaci\u00f3n de expresi\u00f3n, l\u00f3gica de organizaci\u00f3n de ideas y originalidad<\/p>\n<p>Formato: 8-12 p\u00e1ginas de texto, fuente 10-12 e interlineado doble, m\u00e1s una p\u00e1gina de referencias siguiendo las normas APA<\/p>\n","protected":false},"excerpt":{"rendered":"<p>Supera las expectativas (A: 100-90) Se ajusta plenamente a las expectativas (B: 89-80) Se ajusta ligeramente a las expectativas (C:<\/p>\n","protected":false},"author":3465,"featured_media":0,"parent":0,"menu_order":0,"comment_status":"closed","ping_status":"closed","template":"","meta":{"colormag_page_layout":"default_layout","footnotes":""},"coauthors":[65590],"class_list":["post-33","page","type-page","status-publish","hentry"],"_links":{"self":[{"href":"https:\/\/blog.richmond.edu\/bilingualism411\/wp-json\/wp\/v2\/pages\/33","targetHints":{"allow":["GET"]}}],"collection":[{"href":"https:\/\/blog.richmond.edu\/bilingualism411\/wp-json\/wp\/v2\/pages"}],"about":[{"href":"https:\/\/blog.richmond.edu\/bilingualism411\/wp-json\/wp\/v2\/types\/page"}],"author":[{"embeddable":true,"href":"https:\/\/blog.richmond.edu\/bilingualism411\/wp-json\/wp\/v2\/users\/3465"}],"replies":[{"embeddable":true,"href":"https:\/\/blog.richmond.edu\/bilingualism411\/wp-json\/wp\/v2\/comments?post=33"}],"version-history":[{"count":2,"href":"https:\/\/blog.richmond.edu\/bilingualism411\/wp-json\/wp\/v2\/pages\/33\/revisions"}],"predecessor-version":[{"id":897,"href":"https:\/\/blog.richmond.edu\/bilingualism411\/wp-json\/wp\/v2\/pages\/33\/revisions\/897"}],"wp:attachment":[{"href":"https:\/\/blog.richmond.edu\/bilingualism411\/wp-json\/wp\/v2\/media?parent=33"}],"wp:term":[{"taxonomy":"author","embeddable":true,"href":"https:\/\/blog.richmond.edu\/bilingualism411\/wp-json\/wp\/v2\/coauthors?post=33"}],"curies":[{"name":"wp","href":"https:\/\/api.w.org\/{rel}","templated":true}]}}