{"id":11,"date":"2020-08-05T13:05:59","date_gmt":"2020-08-05T17:05:59","guid":{"rendered":"http:\/\/blog.richmond.edu\/template-projectsite\/?page_id=11"},"modified":"2020-09-11T11:04:43","modified_gmt":"2020-09-11T15:04:43","slug":"about","status":"publish","type":"page","link":"https:\/\/blog.richmond.edu\/bilingual-learners\/about\/","title":{"rendered":"El proyecto: The Project"},"content":{"rendered":"<p><span style=\"font-weight: 400;\">Somos tres estudiantes de la Universidad de Richmond, quienes aman los idiomas y trabajan con estudiantes biling\u00fces. Cuando COVID-19 suspendi\u00f3 nuestro trabajo en escuelas primarias con estudiantes biling\u00fces, quer\u00edamos encontrar una manera de seguir ayudando a la comunidad biling\u00fce de nuestras casas. Nuestra misi\u00f3n es proporcionar acceso gratuito a una educaci\u00f3n interactiva biling\u00fce que sea accesible en casa. Con la ayuda de nuestra profesora de espa\u00f1ol, la doctora Karina Vazquez, hemos trabajado para crear videos de lecturas tanto en espa\u00f1ol como en ingl\u00e9s con preguntas interactivas para mantener la atenci\u00f3n de los estudiantes.<\/span><\/p>\n<p><span style=\"font-weight: 400;\">We are three students at the University of Richmond who love languages and working with bilingual students. When COVID-19 interrupted our work with bilingual students at elementary schools, we wanted to think of a way to continue helping the bilingual community from home. Our mission is to give free access to an interactive bilingual education for students that is easily accessible at home. Under the guidance of our Spanish professor, Doctor Karina Vazquez, we have been working hard to create videos of book readings in both Spanish and English with interactive questions to keep students engaged.<\/span><\/p>\n<p>&nbsp;<\/p>\n","protected":false},"excerpt":{"rendered":"<p>Somos tres estudiantes de la Universidad de Richmond, quienes aman los idiomas y trabajan con estudiantes biling\u00fces. Cuando COVID-19 suspendi\u00f3 nuestro trabajo en escuelas primarias con estudiantes biling\u00fces, quer\u00edamos encontrar una manera de seguir ayudando a la comunidad biling\u00fce de nuestras casas. Nuestra misi\u00f3n es proporcionar acceso gratuito a una educaci\u00f3n interactiva biling\u00fce que sea <a href=\"https:\/\/blog.richmond.edu\/bilingual-learners\/about\/\" rel=\"nofollow\"><span class=\"sr-only\">Read more about El proyecto: The Project<\/span>[&#8230;]<\/a><\/p>\n","protected":false},"author":2180,"featured_media":0,"parent":0,"menu_order":0,"comment_status":"closed","ping_status":"closed","template":"","meta":{"footnotes":""},"coauthors":[65589],"class_list":["post-11","page","type-page","status-publish","hentry"],"_links":{"self":[{"href":"https:\/\/blog.richmond.edu\/bilingual-learners\/wp-json\/wp\/v2\/pages\/11","targetHints":{"allow":["GET"]}}],"collection":[{"href":"https:\/\/blog.richmond.edu\/bilingual-learners\/wp-json\/wp\/v2\/pages"}],"about":[{"href":"https:\/\/blog.richmond.edu\/bilingual-learners\/wp-json\/wp\/v2\/types\/page"}],"author":[{"embeddable":true,"href":"https:\/\/blog.richmond.edu\/bilingual-learners\/wp-json\/wp\/v2\/users\/2180"}],"replies":[{"embeddable":true,"href":"https:\/\/blog.richmond.edu\/bilingual-learners\/wp-json\/wp\/v2\/comments?post=11"}],"version-history":[{"count":1,"href":"https:\/\/blog.richmond.edu\/bilingual-learners\/wp-json\/wp\/v2\/pages\/11\/revisions"}],"predecessor-version":[{"id":145,"href":"https:\/\/blog.richmond.edu\/bilingual-learners\/wp-json\/wp\/v2\/pages\/11\/revisions\/145"}],"wp:attachment":[{"href":"https:\/\/blog.richmond.edu\/bilingual-learners\/wp-json\/wp\/v2\/media?parent=11"}],"wp:term":[{"taxonomy":"author","embeddable":true,"href":"https:\/\/blog.richmond.edu\/bilingual-learners\/wp-json\/wp\/v2\/coauthors?post=11"}],"curies":[{"name":"wp","href":"https:\/\/api.w.org\/{rel}","templated":true}]}}